{"id":8178,"date":"2025-07-05T08:49:27","date_gmt":"2025-07-05T08:49:27","guid":{"rendered":"https:\/\/guruofficialbrand.com\/prodotto\/tee-shirt-summer-bloom-core-unisex\/"},"modified":"2025-10-17T13:17:24","modified_gmt":"2025-10-17T13:17:24","slug":"tee-shirt-summer-bloom-core-unisex","status":"publish","type":"product","link":"https:\/\/staging.guruofficialbrand.com\/fr\/prodotto\/tee-shirt-summer-bloom-core-unisex\/","title":{"rendered":"Tee-shirt Bloom Core Unisex"},"content":{"rendered":"<p data-start=\"174\" data-end=\"501\">Essentiel, authentique, toujours d&rsquo;actualit\u00e9 : le <em data-start=\"216\" data-end=\"242\">T-shirt unisexe Guru Core<\/em> est le point de rencontre entre le confort quotidien et le style intemporel. R\u00e9alis\u00e9 en jersey et termin\u00e9 par des c\u00f4tes au niveau de l&rsquo;encolure, il a subi un traitement sp\u00e9cial au <em data-start=\"412\" data-end=\"420\">pomgel<\/em> qui lui conf\u00e8re une texture douce et un rendu de couleur profond mais naturel.<\/p>\n<p data-start=\"503\" data-end=\"680\">La broderie GURU sur la poitrine et la s\u00e9rigraphie \u00ab\u00a0Daisy\" au dos signent la discr\u00e9tion et l&rsquo;identit\u00e9 du v\u00eatement, tandis que la coupe unisexe le rend parfait pour tous les styles et toutes les occasions.<\/p>\n<p data-start=\"682\" data-end=\"916\">Disponible en cinq teintes estivales et polyvalentes :<br data-start=\"732\" data-end=\"735\"><em data-start=\"738\" data-end=\"750\">Ray Flower<\/em> (jaune fonc\u00e9)<br data-start=\"767\" data-end=\"770\"><em data-start=\"773\" data-end=\"786\">Future Dusk<\/em> (bleu violet)<br data-start=\"800\" data-end=\"803\"><em data-start=\"805\" data-end=\"820\">Optical White<\/em> (avec effet \u00e9clairci<em data-start=\"850\" data-end=\"863\">)<\/em><br data-start=\"844\" data-end=\"847\" data-is-only-node=\"\"><em data-start=\"850\" data-end=\"863\">Aquatic Awe<\/em> (vert frais)<br data-start=\"878\" data-end=\"881\"><em data-start=\"884\" data-end=\"903\">Transcendent<\/em> Pink (rose tendre)<\/p>\n<p data-start=\"918\" data-end=\"986\">Un v\u00eatement universel, con\u00e7u pour ceux qui aiment la simplicit\u00e9 et le caract\u00e8re.<\/p>\n","protected":false},"excerpt":{"rendered":"<p>Essentiel, authentique, toujours d&rsquo;actualit\u00e9 : le T-shirt unisexe Guru Core est le point de rencontre entre le confort quotidien et<\/p>\n","protected":false},"featured_media":10599,"comment_status":"open","ping_status":"closed","template":"","meta":[],"product_brand":[],"product_cat":[223,224,231],"product_tag":[],"class_list":{"0":"post-8178","1":"product","2":"type-product","3":"status-publish","4":"has-post-thumbnail","6":"product_cat-collections","7":"product_cat-summer-bloom","8":"product_cat-unisex-fr","9":"pa_colore-blanc","10":"pa_colore-bleu-viole","11":"pa_colore-jaune","12":"pa_colore-rose","13":"pa_colore-vert","14":"pa_taglia-l-fr","15":"pa_taglia-m-fr","16":"pa_taglia-s-fr","17":"pa_taglia-xl-fr","19":"first","20":"instock","21":"sale","22":"shipping-taxable","23":"purchasable","24":"product-type-variable"},"yoast_head":"<!-- This site is optimized with the Yoast SEO plugin v27.1.1 - https:\/\/yoast.com\/product\/yoast-seo-wordpress\/ -->\n<title>Tee-shirt Bloom Core Unisex - Guru<\/title>\n<meta name=\"robots\" content=\"noindex, follow, max-snippet:-1, max-image-preview:large, max-video-preview:-1\" \/>\n<meta property=\"og:locale\" content=\"fr_FR\" \/>\n<meta property=\"og:type\" content=\"article\" \/>\n<meta property=\"og:title\" content=\"Tee-shirt Bloom Core Unisex - Guru\" \/>\n<meta property=\"og:description\" content=\"Essentiel, authentique, toujours d&rsquo;actualit\u00e9 : le T-shirt unisexe Guru Core est le point de rencontre entre le confort quotidien et\" \/>\n<meta property=\"og:url\" content=\"https:\/\/staging.guruofficialbrand.com\/fr\/prodotto\/tee-shirt-summer-bloom-core-unisex\/\" \/>\n<meta property=\"og:site_name\" content=\"Guru\" \/>\n<meta property=\"article:publisher\" content=\"https:\/\/facebook.com\/guruofficialbrand\" \/>\n<meta property=\"article:modified_time\" content=\"2025-10-17T13:17:24+00:00\" \/>\n<meta property=\"og:image\" content=\"https:\/\/staging.guruofficialbrand.com\/wp-content\/uploads\/2025\/07\/4-4.png\" \/>\n\t<meta property=\"og:image:width\" content=\"832\" \/>\n\t<meta property=\"og:image:height\" content=\"1248\" \/>\n\t<meta property=\"og:image:type\" content=\"image\/png\" \/>\n<meta name=\"twitter:card\" content=\"summary_large_image\" \/>\n<meta name=\"twitter:label1\" content=\"Dur\u00e9e de lecture estim\u00e9e\" \/>\n\t<meta name=\"twitter:data1\" content=\"1 minute\" \/>\n<script type=\"application\/ld+json\" class=\"yoast-schema-graph\">{\"@context\":\"https:\/\/schema.org\",\"@graph\":[{\"@type\":\"WebPage\",\"@id\":\"https:\/\/staging.guruofficialbrand.com\/fr\/prodotto\/tee-shirt-summer-bloom-core-unisex\/\",\"url\":\"https:\/\/staging.guruofficialbrand.com\/fr\/prodotto\/tee-shirt-summer-bloom-core-unisex\/\",\"name\":\"Tee-shirt Bloom Core Unisex - Guru\",\"isPartOf\":{\"@id\":\"https:\/\/staging.guruofficialbrand.com\/fr\/#website\"},\"primaryImageOfPage\":{\"@id\":\"https:\/\/staging.guruofficialbrand.com\/fr\/prodotto\/tee-shirt-summer-bloom-core-unisex\/#primaryimage\"},\"image\":{\"@id\":\"https:\/\/staging.guruofficialbrand.com\/fr\/prodotto\/tee-shirt-summer-bloom-core-unisex\/#primaryimage\"},\"thumbnailUrl\":\"https:\/\/staging.guruofficialbrand.com\/wp-content\/uploads\/2025\/07\/4-4.png\",\"datePublished\":\"2025-07-05T08:49:27+00:00\",\"dateModified\":\"2025-10-17T13:17:24+00:00\",\"breadcrumb\":{\"@id\":\"https:\/\/staging.guruofficialbrand.com\/fr\/prodotto\/tee-shirt-summer-bloom-core-unisex\/#breadcrumb\"},\"inLanguage\":\"fr-FR\",\"potentialAction\":[{\"@type\":\"ReadAction\",\"target\":[\"https:\/\/staging.guruofficialbrand.com\/fr\/prodotto\/tee-shirt-summer-bloom-core-unisex\/\"]}]},{\"@type\":\"ImageObject\",\"inLanguage\":\"fr-FR\",\"@id\":\"https:\/\/staging.guruofficialbrand.com\/fr\/prodotto\/tee-shirt-summer-bloom-core-unisex\/#primaryimage\",\"url\":\"https:\/\/staging.guruofficialbrand.com\/wp-content\/uploads\/2025\/07\/4-4.png\",\"contentUrl\":\"https:\/\/staging.guruofficialbrand.com\/wp-content\/uploads\/2025\/07\/4-4.png\",\"width\":832,\"height\":1248},{\"@type\":\"BreadcrumbList\",\"@id\":\"https:\/\/staging.guruofficialbrand.com\/fr\/prodotto\/tee-shirt-summer-bloom-core-unisex\/#breadcrumb\",\"itemListElement\":[{\"@type\":\"ListItem\",\"position\":1,\"name\":\"Accueil\",\"item\":\"https:\/\/staging.guruofficialbrand.com\/fr\/accueil\/\"},{\"@type\":\"ListItem\",\"position\":2,\"name\":\"Boutique\",\"item\":\"https:\/\/staging.guruofficialbrand.com\/fr\/boutique\/\"},{\"@type\":\"ListItem\",\"position\":3,\"name\":\"Tee-shirt Bloom Core Unisex\"}]},{\"@type\":\"WebSite\",\"@id\":\"https:\/\/staging.guruofficialbrand.com\/fr\/#website\",\"url\":\"https:\/\/staging.guruofficialbrand.com\/fr\/\",\"name\":\"Guru\",\"description\":\"Official Store\",\"publisher\":{\"@id\":\"https:\/\/staging.guruofficialbrand.com\/fr\/#organization\"},\"potentialAction\":[{\"@type\":\"SearchAction\",\"target\":{\"@type\":\"EntryPoint\",\"urlTemplate\":\"https:\/\/staging.guruofficialbrand.com\/fr\/?s={search_term_string}\"},\"query-input\":{\"@type\":\"PropertyValueSpecification\",\"valueRequired\":true,\"valueName\":\"search_term_string\"}}],\"inLanguage\":\"fr-FR\"},{\"@type\":\"Organization\",\"@id\":\"https:\/\/staging.guruofficialbrand.com\/fr\/#organization\",\"name\":\"Gourou\",\"url\":\"https:\/\/staging.guruofficialbrand.com\/fr\/\",\"logo\":{\"@type\":\"ImageObject\",\"inLanguage\":\"fr-FR\",\"@id\":\"https:\/\/staging.guruofficialbrand.com\/fr\/#\/schema\/logo\/image\/\",\"url\":\"https:\/\/staging.guruofficialbrand.com\/wp-content\/uploads\/2025\/07\/Logo-GURU-Superclassic.png\",\"contentUrl\":\"https:\/\/staging.guruofficialbrand.com\/wp-content\/uploads\/2025\/07\/Logo-GURU-Superclassic.png\",\"width\":1080,\"height\":1080,\"caption\":\"Gourou\"},\"image\":{\"@id\":\"https:\/\/staging.guruofficialbrand.com\/fr\/#\/schema\/logo\/image\/\"},\"sameAs\":[\"https:\/\/facebook.com\/guruofficialbrand\",\"https:\/\/instagram.com\/guruofficialbrand\",\"https:\/\/tiktok.com\/guruofficialbrand\"]}]}<\/script>\n<!-- \/ Yoast SEO plugin. -->","yoast_head_json":{"title":"Tee-shirt Bloom Core Unisex - Guru","robots":{"index":"noindex","follow":"follow","max-snippet":"max-snippet:-1","max-image-preview":"max-image-preview:large","max-video-preview":"max-video-preview:-1"},"og_locale":"fr_FR","og_type":"article","og_title":"Tee-shirt Bloom Core Unisex - Guru","og_description":"Essentiel, authentique, toujours d&rsquo;actualit\u00e9 : le T-shirt unisexe Guru Core est le point de rencontre entre le confort quotidien et","og_url":"https:\/\/staging.guruofficialbrand.com\/fr\/prodotto\/tee-shirt-summer-bloom-core-unisex\/","og_site_name":"Guru","article_publisher":"https:\/\/facebook.com\/guruofficialbrand","article_modified_time":"2025-10-17T13:17:24+00:00","og_image":[{"width":832,"height":1248,"url":"https:\/\/staging.guruofficialbrand.com\/wp-content\/uploads\/2025\/07\/4-4.png","type":"image\/png"}],"twitter_card":"summary_large_image","twitter_misc":{"Dur\u00e9e de lecture estim\u00e9e":"1 minute"},"schema":{"@context":"https:\/\/schema.org","@graph":[{"@type":"WebPage","@id":"https:\/\/staging.guruofficialbrand.com\/fr\/prodotto\/tee-shirt-summer-bloom-core-unisex\/","url":"https:\/\/staging.guruofficialbrand.com\/fr\/prodotto\/tee-shirt-summer-bloom-core-unisex\/","name":"Tee-shirt Bloom Core Unisex - Guru","isPartOf":{"@id":"https:\/\/staging.guruofficialbrand.com\/fr\/#website"},"primaryImageOfPage":{"@id":"https:\/\/staging.guruofficialbrand.com\/fr\/prodotto\/tee-shirt-summer-bloom-core-unisex\/#primaryimage"},"image":{"@id":"https:\/\/staging.guruofficialbrand.com\/fr\/prodotto\/tee-shirt-summer-bloom-core-unisex\/#primaryimage"},"thumbnailUrl":"https:\/\/staging.guruofficialbrand.com\/wp-content\/uploads\/2025\/07\/4-4.png","datePublished":"2025-07-05T08:49:27+00:00","dateModified":"2025-10-17T13:17:24+00:00","breadcrumb":{"@id":"https:\/\/staging.guruofficialbrand.com\/fr\/prodotto\/tee-shirt-summer-bloom-core-unisex\/#breadcrumb"},"inLanguage":"fr-FR","potentialAction":[{"@type":"ReadAction","target":["https:\/\/staging.guruofficialbrand.com\/fr\/prodotto\/tee-shirt-summer-bloom-core-unisex\/"]}]},{"@type":"ImageObject","inLanguage":"fr-FR","@id":"https:\/\/staging.guruofficialbrand.com\/fr\/prodotto\/tee-shirt-summer-bloom-core-unisex\/#primaryimage","url":"https:\/\/staging.guruofficialbrand.com\/wp-content\/uploads\/2025\/07\/4-4.png","contentUrl":"https:\/\/staging.guruofficialbrand.com\/wp-content\/uploads\/2025\/07\/4-4.png","width":832,"height":1248},{"@type":"BreadcrumbList","@id":"https:\/\/staging.guruofficialbrand.com\/fr\/prodotto\/tee-shirt-summer-bloom-core-unisex\/#breadcrumb","itemListElement":[{"@type":"ListItem","position":1,"name":"Accueil","item":"https:\/\/staging.guruofficialbrand.com\/fr\/accueil\/"},{"@type":"ListItem","position":2,"name":"Boutique","item":"https:\/\/staging.guruofficialbrand.com\/fr\/boutique\/"},{"@type":"ListItem","position":3,"name":"Tee-shirt Bloom Core Unisex"}]},{"@type":"WebSite","@id":"https:\/\/staging.guruofficialbrand.com\/fr\/#website","url":"https:\/\/staging.guruofficialbrand.com\/fr\/","name":"Guru","description":"Official Store","publisher":{"@id":"https:\/\/staging.guruofficialbrand.com\/fr\/#organization"},"potentialAction":[{"@type":"SearchAction","target":{"@type":"EntryPoint","urlTemplate":"https:\/\/staging.guruofficialbrand.com\/fr\/?s={search_term_string}"},"query-input":{"@type":"PropertyValueSpecification","valueRequired":true,"valueName":"search_term_string"}}],"inLanguage":"fr-FR"},{"@type":"Organization","@id":"https:\/\/staging.guruofficialbrand.com\/fr\/#organization","name":"Gourou","url":"https:\/\/staging.guruofficialbrand.com\/fr\/","logo":{"@type":"ImageObject","inLanguage":"fr-FR","@id":"https:\/\/staging.guruofficialbrand.com\/fr\/#\/schema\/logo\/image\/","url":"https:\/\/staging.guruofficialbrand.com\/wp-content\/uploads\/2025\/07\/Logo-GURU-Superclassic.png","contentUrl":"https:\/\/staging.guruofficialbrand.com\/wp-content\/uploads\/2025\/07\/Logo-GURU-Superclassic.png","width":1080,"height":1080,"caption":"Gourou"},"image":{"@id":"https:\/\/staging.guruofficialbrand.com\/fr\/#\/schema\/logo\/image\/"},"sameAs":["https:\/\/facebook.com\/guruofficialbrand","https:\/\/instagram.com\/guruofficialbrand","https:\/\/tiktok.com\/guruofficialbrand"]}]}},"_links":{"self":[{"href":"https:\/\/staging.guruofficialbrand.com\/fr\/wp-json\/wp\/v2\/product\/8178","targetHints":{"allow":["GET"]}}],"collection":[{"href":"https:\/\/staging.guruofficialbrand.com\/fr\/wp-json\/wp\/v2\/product"}],"about":[{"href":"https:\/\/staging.guruofficialbrand.com\/fr\/wp-json\/wp\/v2\/types\/product"}],"replies":[{"embeddable":true,"href":"https:\/\/staging.guruofficialbrand.com\/fr\/wp-json\/wp\/v2\/comments?post=8178"}],"version-history":[{"count":2,"href":"https:\/\/staging.guruofficialbrand.com\/fr\/wp-json\/wp\/v2\/product\/8178\/revisions"}],"predecessor-version":[{"id":10854,"href":"https:\/\/staging.guruofficialbrand.com\/fr\/wp-json\/wp\/v2\/product\/8178\/revisions\/10854"}],"wp:featuredmedia":[{"embeddable":true,"href":"https:\/\/staging.guruofficialbrand.com\/fr\/wp-json\/wp\/v2\/media\/10599"}],"wp:attachment":[{"href":"https:\/\/staging.guruofficialbrand.com\/fr\/wp-json\/wp\/v2\/media?parent=8178"}],"wp:term":[{"taxonomy":"product_brand","embeddable":true,"href":"https:\/\/staging.guruofficialbrand.com\/fr\/wp-json\/wp\/v2\/product_brand?post=8178"},{"taxonomy":"product_cat","embeddable":true,"href":"https:\/\/staging.guruofficialbrand.com\/fr\/wp-json\/wp\/v2\/product_cat?post=8178"},{"taxonomy":"product_tag","embeddable":true,"href":"https:\/\/staging.guruofficialbrand.com\/fr\/wp-json\/wp\/v2\/product_tag?post=8178"}],"curies":[{"name":"wp","href":"https:\/\/api.w.org\/{rel}","templated":true}]}}