{"id":7232,"date":"2023-05-24T08:00:24","date_gmt":"2023-05-24T08:00:24","guid":{"rendered":"https:\/\/guruofficialbrand.com\/prodotto\/sweat-a-capuche\/"},"modified":"2025-10-15T14:57:11","modified_gmt":"2025-10-15T14:57:11","slug":"sweat-a-capuche","status":"publish","type":"product","link":"https:\/\/staging.guruofficialbrand.com\/fr\/prodotto\/sweat-a-capuche\/","title":{"rendered":"Sweat \u00e0 capuche"},"content":{"rendered":"<p><code><\/code><\/p>\n","protected":false},"excerpt":{"rendered":"<p>Sweat \u00e0 manches longues en pur coton avec une main consistante mais l\u00e9g\u00e8re. Capuche avec coulisses, avec logo imprim\u00e9 ton sur ton sur le c\u00f4t\u00e9 du c\u0153ur et au dos. <\/p>\n<p>D\u00e9contract\u00e9 et confortable, id\u00e9al pour les loisirs.<\/p>\n<p>COMPOSITION :<\/p>\n<p>100% coton<\/p>\n","protected":false},"featured_media":10694,"comment_status":"closed","ping_status":"closed","template":"","meta":[],"product_brand":[],"product_cat":[157,153,182],"product_tag":[],"class_list":{"0":"post-7232","1":"product","2":"type-product","3":"status-publish","4":"has-post-thumbnail","6":"product_cat-classique","7":"product_cat-man","8":"product_cat-sweatshirts-pour-hommes","9":"pa_colore-blanc","10":"pa_colore-framboise","11":"pa_colore-marine","12":"pa_colore-noir","13":"pa_taglia-l-fr","14":"pa_taglia-m-fr","15":"pa_taglia-s-fr","16":"pa_taglia-xl-fr","17":"pa_taglia-xxl-fr","19":"first","20":"instock","21":"purchasable","22":"product-type-variable"},"yoast_head":"<!-- This site is optimized with the Yoast SEO plugin v27.1.1 - https:\/\/yoast.com\/product\/yoast-seo-wordpress\/ -->\n<title>Sweat \u00e0 capuche - Guru<\/title>\n<meta name=\"robots\" content=\"noindex, follow, max-snippet:-1, max-image-preview:large, max-video-preview:-1\" \/>\n<meta property=\"og:locale\" content=\"fr_FR\" \/>\n<meta property=\"og:type\" content=\"article\" \/>\n<meta property=\"og:title\" content=\"Sweat \u00e0 capuche - Guru\" \/>\n<meta property=\"og:description\" content=\"Sweat \u00e0 manches longues en pur coton avec une main consistante mais l\u00e9g\u00e8re. Capuche avec coulisses, avec logo imprim\u00e9 ton sur ton sur le c\u00f4t\u00e9 du c\u0153ur et au dos.  D\u00e9contract\u00e9 et confortable, id\u00e9al pour les loisirs. COMPOSITION : 100% coton\" \/>\n<meta property=\"og:url\" content=\"https:\/\/staging.guruofficialbrand.com\/fr\/prodotto\/sweat-a-capuche\/\" \/>\n<meta property=\"og:site_name\" content=\"Guru\" \/>\n<meta property=\"article:publisher\" content=\"https:\/\/facebook.com\/guruofficialbrand\" \/>\n<meta property=\"article:modified_time\" content=\"2025-10-15T14:57:11+00:00\" \/>\n<meta property=\"og:image\" content=\"https:\/\/staging.guruofficialbrand.com\/wp-content\/uploads\/2023\/05\/21.jpg\" \/>\n\t<meta property=\"og:image:width\" content=\"832\" \/>\n\t<meta property=\"og:image:height\" content=\"1248\" \/>\n\t<meta property=\"og:image:type\" content=\"image\/jpeg\" \/>\n<meta name=\"twitter:card\" content=\"summary_large_image\" \/>\n<script type=\"application\/ld+json\" class=\"yoast-schema-graph\">{\"@context\":\"https:\/\/schema.org\",\"@graph\":[{\"@type\":\"WebPage\",\"@id\":\"https:\/\/staging.guruofficialbrand.com\/fr\/prodotto\/sweat-a-capuche\/\",\"url\":\"https:\/\/staging.guruofficialbrand.com\/fr\/prodotto\/sweat-a-capuche\/\",\"name\":\"Sweat \u00e0 capuche - Guru\",\"isPartOf\":{\"@id\":\"https:\/\/staging.guruofficialbrand.com\/fr\/#website\"},\"primaryImageOfPage\":{\"@id\":\"https:\/\/staging.guruofficialbrand.com\/fr\/prodotto\/sweat-a-capuche\/#primaryimage\"},\"image\":{\"@id\":\"https:\/\/staging.guruofficialbrand.com\/fr\/prodotto\/sweat-a-capuche\/#primaryimage\"},\"thumbnailUrl\":\"https:\/\/staging.guruofficialbrand.com\/wp-content\/uploads\/2023\/05\/21.jpg\",\"datePublished\":\"2023-05-24T08:00:24+00:00\",\"dateModified\":\"2025-10-15T14:57:11+00:00\",\"breadcrumb\":{\"@id\":\"https:\/\/staging.guruofficialbrand.com\/fr\/prodotto\/sweat-a-capuche\/#breadcrumb\"},\"inLanguage\":\"fr-FR\",\"potentialAction\":[{\"@type\":\"ReadAction\",\"target\":[\"https:\/\/staging.guruofficialbrand.com\/fr\/prodotto\/sweat-a-capuche\/\"]}]},{\"@type\":\"ImageObject\",\"inLanguage\":\"fr-FR\",\"@id\":\"https:\/\/staging.guruofficialbrand.com\/fr\/prodotto\/sweat-a-capuche\/#primaryimage\",\"url\":\"https:\/\/staging.guruofficialbrand.com\/wp-content\/uploads\/2023\/05\/21.jpg\",\"contentUrl\":\"https:\/\/staging.guruofficialbrand.com\/wp-content\/uploads\/2023\/05\/21.jpg\",\"width\":832,\"height\":1248},{\"@type\":\"BreadcrumbList\",\"@id\":\"https:\/\/staging.guruofficialbrand.com\/fr\/prodotto\/sweat-a-capuche\/#breadcrumb\",\"itemListElement\":[{\"@type\":\"ListItem\",\"position\":1,\"name\":\"Accueil\",\"item\":\"https:\/\/staging.guruofficialbrand.com\/fr\/accueil\/\"},{\"@type\":\"ListItem\",\"position\":2,\"name\":\"Boutique\",\"item\":\"https:\/\/staging.guruofficialbrand.com\/fr\/boutique\/\"},{\"@type\":\"ListItem\",\"position\":3,\"name\":\"Sweat \u00e0 capuche\"}]},{\"@type\":\"WebSite\",\"@id\":\"https:\/\/staging.guruofficialbrand.com\/fr\/#website\",\"url\":\"https:\/\/staging.guruofficialbrand.com\/fr\/\",\"name\":\"Guru\",\"description\":\"Official Store\",\"publisher\":{\"@id\":\"https:\/\/staging.guruofficialbrand.com\/fr\/#organization\"},\"potentialAction\":[{\"@type\":\"SearchAction\",\"target\":{\"@type\":\"EntryPoint\",\"urlTemplate\":\"https:\/\/staging.guruofficialbrand.com\/fr\/?s={search_term_string}\"},\"query-input\":{\"@type\":\"PropertyValueSpecification\",\"valueRequired\":true,\"valueName\":\"search_term_string\"}}],\"inLanguage\":\"fr-FR\"},{\"@type\":\"Organization\",\"@id\":\"https:\/\/staging.guruofficialbrand.com\/fr\/#organization\",\"name\":\"Gourou\",\"url\":\"https:\/\/staging.guruofficialbrand.com\/fr\/\",\"logo\":{\"@type\":\"ImageObject\",\"inLanguage\":\"fr-FR\",\"@id\":\"https:\/\/staging.guruofficialbrand.com\/fr\/#\/schema\/logo\/image\/\",\"url\":\"https:\/\/staging.guruofficialbrand.com\/wp-content\/uploads\/2025\/07\/Logo-GURU-Superclassic.png\",\"contentUrl\":\"https:\/\/staging.guruofficialbrand.com\/wp-content\/uploads\/2025\/07\/Logo-GURU-Superclassic.png\",\"width\":1080,\"height\":1080,\"caption\":\"Gourou\"},\"image\":{\"@id\":\"https:\/\/staging.guruofficialbrand.com\/fr\/#\/schema\/logo\/image\/\"},\"sameAs\":[\"https:\/\/facebook.com\/guruofficialbrand\",\"https:\/\/instagram.com\/guruofficialbrand\",\"https:\/\/tiktok.com\/guruofficialbrand\"]}]}<\/script>\n<!-- \/ Yoast SEO plugin. -->","yoast_head_json":{"title":"Sweat \u00e0 capuche - Guru","robots":{"index":"noindex","follow":"follow","max-snippet":"max-snippet:-1","max-image-preview":"max-image-preview:large","max-video-preview":"max-video-preview:-1"},"og_locale":"fr_FR","og_type":"article","og_title":"Sweat \u00e0 capuche - Guru","og_description":"Sweat \u00e0 manches longues en pur coton avec une main consistante mais l\u00e9g\u00e8re. Capuche avec coulisses, avec logo imprim\u00e9 ton sur ton sur le c\u00f4t\u00e9 du c\u0153ur et au dos.  D\u00e9contract\u00e9 et confortable, id\u00e9al pour les loisirs. COMPOSITION : 100% coton","og_url":"https:\/\/staging.guruofficialbrand.com\/fr\/prodotto\/sweat-a-capuche\/","og_site_name":"Guru","article_publisher":"https:\/\/facebook.com\/guruofficialbrand","article_modified_time":"2025-10-15T14:57:11+00:00","og_image":[{"width":832,"height":1248,"url":"https:\/\/staging.guruofficialbrand.com\/wp-content\/uploads\/2023\/05\/21.jpg","type":"image\/jpeg"}],"twitter_card":"summary_large_image","schema":{"@context":"https:\/\/schema.org","@graph":[{"@type":"WebPage","@id":"https:\/\/staging.guruofficialbrand.com\/fr\/prodotto\/sweat-a-capuche\/","url":"https:\/\/staging.guruofficialbrand.com\/fr\/prodotto\/sweat-a-capuche\/","name":"Sweat \u00e0 capuche - Guru","isPartOf":{"@id":"https:\/\/staging.guruofficialbrand.com\/fr\/#website"},"primaryImageOfPage":{"@id":"https:\/\/staging.guruofficialbrand.com\/fr\/prodotto\/sweat-a-capuche\/#primaryimage"},"image":{"@id":"https:\/\/staging.guruofficialbrand.com\/fr\/prodotto\/sweat-a-capuche\/#primaryimage"},"thumbnailUrl":"https:\/\/staging.guruofficialbrand.com\/wp-content\/uploads\/2023\/05\/21.jpg","datePublished":"2023-05-24T08:00:24+00:00","dateModified":"2025-10-15T14:57:11+00:00","breadcrumb":{"@id":"https:\/\/staging.guruofficialbrand.com\/fr\/prodotto\/sweat-a-capuche\/#breadcrumb"},"inLanguage":"fr-FR","potentialAction":[{"@type":"ReadAction","target":["https:\/\/staging.guruofficialbrand.com\/fr\/prodotto\/sweat-a-capuche\/"]}]},{"@type":"ImageObject","inLanguage":"fr-FR","@id":"https:\/\/staging.guruofficialbrand.com\/fr\/prodotto\/sweat-a-capuche\/#primaryimage","url":"https:\/\/staging.guruofficialbrand.com\/wp-content\/uploads\/2023\/05\/21.jpg","contentUrl":"https:\/\/staging.guruofficialbrand.com\/wp-content\/uploads\/2023\/05\/21.jpg","width":832,"height":1248},{"@type":"BreadcrumbList","@id":"https:\/\/staging.guruofficialbrand.com\/fr\/prodotto\/sweat-a-capuche\/#breadcrumb","itemListElement":[{"@type":"ListItem","position":1,"name":"Accueil","item":"https:\/\/staging.guruofficialbrand.com\/fr\/accueil\/"},{"@type":"ListItem","position":2,"name":"Boutique","item":"https:\/\/staging.guruofficialbrand.com\/fr\/boutique\/"},{"@type":"ListItem","position":3,"name":"Sweat \u00e0 capuche"}]},{"@type":"WebSite","@id":"https:\/\/staging.guruofficialbrand.com\/fr\/#website","url":"https:\/\/staging.guruofficialbrand.com\/fr\/","name":"Guru","description":"Official Store","publisher":{"@id":"https:\/\/staging.guruofficialbrand.com\/fr\/#organization"},"potentialAction":[{"@type":"SearchAction","target":{"@type":"EntryPoint","urlTemplate":"https:\/\/staging.guruofficialbrand.com\/fr\/?s={search_term_string}"},"query-input":{"@type":"PropertyValueSpecification","valueRequired":true,"valueName":"search_term_string"}}],"inLanguage":"fr-FR"},{"@type":"Organization","@id":"https:\/\/staging.guruofficialbrand.com\/fr\/#organization","name":"Gourou","url":"https:\/\/staging.guruofficialbrand.com\/fr\/","logo":{"@type":"ImageObject","inLanguage":"fr-FR","@id":"https:\/\/staging.guruofficialbrand.com\/fr\/#\/schema\/logo\/image\/","url":"https:\/\/staging.guruofficialbrand.com\/wp-content\/uploads\/2025\/07\/Logo-GURU-Superclassic.png","contentUrl":"https:\/\/staging.guruofficialbrand.com\/wp-content\/uploads\/2025\/07\/Logo-GURU-Superclassic.png","width":1080,"height":1080,"caption":"Gourou"},"image":{"@id":"https:\/\/staging.guruofficialbrand.com\/fr\/#\/schema\/logo\/image\/"},"sameAs":["https:\/\/facebook.com\/guruofficialbrand","https:\/\/instagram.com\/guruofficialbrand","https:\/\/tiktok.com\/guruofficialbrand"]}]}},"_links":{"self":[{"href":"https:\/\/staging.guruofficialbrand.com\/fr\/wp-json\/wp\/v2\/product\/7232","targetHints":{"allow":["GET"]}}],"collection":[{"href":"https:\/\/staging.guruofficialbrand.com\/fr\/wp-json\/wp\/v2\/product"}],"about":[{"href":"https:\/\/staging.guruofficialbrand.com\/fr\/wp-json\/wp\/v2\/types\/product"}],"replies":[{"embeddable":true,"href":"https:\/\/staging.guruofficialbrand.com\/fr\/wp-json\/wp\/v2\/comments?post=7232"}],"version-history":[{"count":1,"href":"https:\/\/staging.guruofficialbrand.com\/fr\/wp-json\/wp\/v2\/product\/7232\/revisions"}],"predecessor-version":[{"id":8575,"href":"https:\/\/staging.guruofficialbrand.com\/fr\/wp-json\/wp\/v2\/product\/7232\/revisions\/8575"}],"wp:featuredmedia":[{"embeddable":true,"href":"https:\/\/staging.guruofficialbrand.com\/fr\/wp-json\/wp\/v2\/media\/10694"}],"wp:attachment":[{"href":"https:\/\/staging.guruofficialbrand.com\/fr\/wp-json\/wp\/v2\/media?parent=7232"}],"wp:term":[{"taxonomy":"product_brand","embeddable":true,"href":"https:\/\/staging.guruofficialbrand.com\/fr\/wp-json\/wp\/v2\/product_brand?post=7232"},{"taxonomy":"product_cat","embeddable":true,"href":"https:\/\/staging.guruofficialbrand.com\/fr\/wp-json\/wp\/v2\/product_cat?post=7232"},{"taxonomy":"product_tag","embeddable":true,"href":"https:\/\/staging.guruofficialbrand.com\/fr\/wp-json\/wp\/v2\/product_tag?post=7232"}],"curies":[{"name":"wp","href":"https:\/\/api.w.org\/{rel}","templated":true}]}}