{"id":6581,"date":"2025-07-04T16:41:15","date_gmt":"2025-07-04T16:41:15","guid":{"rendered":"https:\/\/guruofficialbrand.com\/prodotto\/combinaison-summer-bloom-after-surfing\/"},"modified":"2025-11-06T11:43:38","modified_gmt":"2025-11-06T11:43:38","slug":"combinaison-summer-bloom-after-surfing","status":"publish","type":"product","link":"https:\/\/staging.guruofficialbrand.com\/fr\/prodotto\/combinaison-summer-bloom-after-surfing\/","title":{"rendered":"Combinaison Bloom After surfing"},"content":{"rendered":"<p data-start=\"147\" data-end=\"609\">Con\u00e7ue pour les moments apr\u00e8s la plage mais aussi pour la ville, la<em data-start=\"214\" data-end=\"248\"> combinaison Bloom After Surf<\/em> est un v\u00eatement pour femmes unique en son genre qui combine sweat, capuche et pantalon en une seule silhouette d\u00e9contract\u00e9e et color\u00e9e. Fabriqu\u00e9 en peluche avec une impression num\u00e9rique sur toute la surface et un traitement de <em data-start=\"419\" data-end=\"434\">teinture directe<\/em>, il est disponible en cinq teintes inspir\u00e9es de l&rsquo;\u00e9t\u00e9 : <em data-start=\"490\" data-end=\"502\">Ray Flower<\/em> (jaune), <em data-start=\"513\" data-end=\"526\">Future Dusk<\/em> (bleu violac\u00e9), <em data-start=\"542\" data-end=\"557\">Optical White<\/em>, <em data-start=\"559\" data-end=\"572\">Aquatic Awe<\/em> (vert), <em data-start=\"582\" data-end=\"601\">Transcendent<\/em> Pink (rose).<\/p>\n<p data-start=\"611\" data-end=\"1060\">Dot\u00e9 d&rsquo;une capuche avec cordon rond en coton rouge et de pattes de boutonnage fonctionnelles, il pr\u00e9sente une s\u00e9rigraphie maxi Guru au dos et un d\u00e9licat logo \" Daisy \" sur le devant. La maille c\u00f4tel\u00e9e garantit le confort et une coupe ajust\u00e9e, tandis que la conception tout-en-un en fait la pi\u00e8ce id\u00e9ale pour ceux qui recherchent la praticit\u00e9 sans sacrifier le style. Un must-have inspir\u00e9 par l&rsquo;esprit libre du surf et le d\u00e9sir de l\u00e9g\u00e8ret\u00e9.  <\/p>\n","protected":false},"excerpt":{"rendered":"<p>Con\u00e7ue pour les moments apr\u00e8s la plage mais aussi pour la ville, la combinaison Bloom After Surf est un v\u00eatement<\/p>\n","protected":false},"featured_media":10819,"comment_status":"open","ping_status":"closed","template":"","meta":[],"product_brand":[],"product_cat":[125,153,195,224,191,231],"product_tag":[],"class_list":{"0":"post-6581","1":"product","2":"type-product","3":"status-publish","4":"has-post-thumbnail","6":"product_cat-femme","7":"product_cat-man","8":"product_cat-pulls-pour-hommes","9":"product_cat-summer-bloom","10":"product_cat-sweatshirts-pour-femmes","11":"product_cat-unisex-fr","12":"pa_colore-blanc","13":"pa_colore-bleu-viole","14":"pa_colore-jaune","15":"pa_colore-rose","16":"pa_colore-vert","17":"pa_taglia-l-fr","18":"pa_taglia-m-fr","19":"pa_taglia-s-fr","20":"pa_taglia-xl-fr","22":"first","23":"instock","24":"shipping-taxable","25":"purchasable","26":"product-type-variable"},"yoast_head":"<!-- This site is optimized with the Yoast SEO plugin v27.1.1 - https:\/\/yoast.com\/product\/yoast-seo-wordpress\/ -->\n<title>Combinaison Bloom After surfing - Guru<\/title>\n<meta name=\"robots\" content=\"noindex, follow, max-snippet:-1, max-image-preview:large, max-video-preview:-1\" \/>\n<meta property=\"og:locale\" content=\"fr_FR\" \/>\n<meta property=\"og:type\" content=\"article\" \/>\n<meta property=\"og:title\" content=\"Combinaison Bloom After surfing - Guru\" \/>\n<meta property=\"og:description\" content=\"Con\u00e7ue pour les moments apr\u00e8s la plage mais aussi pour la ville, la combinaison Bloom After Surf est un v\u00eatement\" \/>\n<meta property=\"og:url\" content=\"https:\/\/staging.guruofficialbrand.com\/fr\/prodotto\/combinaison-summer-bloom-after-surfing\/\" \/>\n<meta property=\"og:site_name\" content=\"Guru\" \/>\n<meta property=\"article:publisher\" content=\"https:\/\/facebook.com\/guruofficialbrand\" \/>\n<meta property=\"article:modified_time\" content=\"2025-11-06T11:43:38+00:00\" \/>\n<meta property=\"og:image\" content=\"https:\/\/staging.guruofficialbrand.com\/wp-content\/uploads\/2025\/07\/27-1.jpg\" \/>\n\t<meta property=\"og:image:width\" content=\"832\" \/>\n\t<meta property=\"og:image:height\" content=\"1248\" \/>\n\t<meta property=\"og:image:type\" content=\"image\/jpeg\" \/>\n<meta name=\"twitter:card\" content=\"summary_large_image\" \/>\n<meta name=\"twitter:label1\" content=\"Dur\u00e9e de lecture estim\u00e9e\" \/>\n\t<meta name=\"twitter:data1\" content=\"1 minute\" \/>\n<script type=\"application\/ld+json\" class=\"yoast-schema-graph\">{\"@context\":\"https:\/\/schema.org\",\"@graph\":[{\"@type\":\"WebPage\",\"@id\":\"https:\/\/staging.guruofficialbrand.com\/fr\/prodotto\/combinaison-summer-bloom-after-surfing\/\",\"url\":\"https:\/\/staging.guruofficialbrand.com\/fr\/prodotto\/combinaison-summer-bloom-after-surfing\/\",\"name\":\"Combinaison Bloom After surfing - Guru\",\"isPartOf\":{\"@id\":\"https:\/\/staging.guruofficialbrand.com\/fr\/#website\"},\"primaryImageOfPage\":{\"@id\":\"https:\/\/staging.guruofficialbrand.com\/fr\/prodotto\/combinaison-summer-bloom-after-surfing\/#primaryimage\"},\"image\":{\"@id\":\"https:\/\/staging.guruofficialbrand.com\/fr\/prodotto\/combinaison-summer-bloom-after-surfing\/#primaryimage\"},\"thumbnailUrl\":\"https:\/\/staging.guruofficialbrand.com\/wp-content\/uploads\/2025\/07\/27-1.jpg\",\"datePublished\":\"2025-07-04T16:41:15+00:00\",\"dateModified\":\"2025-11-06T11:43:38+00:00\",\"breadcrumb\":{\"@id\":\"https:\/\/staging.guruofficialbrand.com\/fr\/prodotto\/combinaison-summer-bloom-after-surfing\/#breadcrumb\"},\"inLanguage\":\"fr-FR\",\"potentialAction\":[{\"@type\":\"ReadAction\",\"target\":[\"https:\/\/staging.guruofficialbrand.com\/fr\/prodotto\/combinaison-summer-bloom-after-surfing\/\"]}]},{\"@type\":\"ImageObject\",\"inLanguage\":\"fr-FR\",\"@id\":\"https:\/\/staging.guruofficialbrand.com\/fr\/prodotto\/combinaison-summer-bloom-after-surfing\/#primaryimage\",\"url\":\"https:\/\/staging.guruofficialbrand.com\/wp-content\/uploads\/2025\/07\/27-1.jpg\",\"contentUrl\":\"https:\/\/staging.guruofficialbrand.com\/wp-content\/uploads\/2025\/07\/27-1.jpg\",\"width\":832,\"height\":1248},{\"@type\":\"BreadcrumbList\",\"@id\":\"https:\/\/staging.guruofficialbrand.com\/fr\/prodotto\/combinaison-summer-bloom-after-surfing\/#breadcrumb\",\"itemListElement\":[{\"@type\":\"ListItem\",\"position\":1,\"name\":\"Accueil\",\"item\":\"https:\/\/staging.guruofficialbrand.com\/fr\/accueil\/\"},{\"@type\":\"ListItem\",\"position\":2,\"name\":\"Boutique\",\"item\":\"https:\/\/staging.guruofficialbrand.com\/fr\/boutique\/\"},{\"@type\":\"ListItem\",\"position\":3,\"name\":\"Combinaison Bloom After surfing\"}]},{\"@type\":\"WebSite\",\"@id\":\"https:\/\/staging.guruofficialbrand.com\/fr\/#website\",\"url\":\"https:\/\/staging.guruofficialbrand.com\/fr\/\",\"name\":\"Guru\",\"description\":\"Official Store\",\"publisher\":{\"@id\":\"https:\/\/staging.guruofficialbrand.com\/fr\/#organization\"},\"potentialAction\":[{\"@type\":\"SearchAction\",\"target\":{\"@type\":\"EntryPoint\",\"urlTemplate\":\"https:\/\/staging.guruofficialbrand.com\/fr\/?s={search_term_string}\"},\"query-input\":{\"@type\":\"PropertyValueSpecification\",\"valueRequired\":true,\"valueName\":\"search_term_string\"}}],\"inLanguage\":\"fr-FR\"},{\"@type\":\"Organization\",\"@id\":\"https:\/\/staging.guruofficialbrand.com\/fr\/#organization\",\"name\":\"Gourou\",\"url\":\"https:\/\/staging.guruofficialbrand.com\/fr\/\",\"logo\":{\"@type\":\"ImageObject\",\"inLanguage\":\"fr-FR\",\"@id\":\"https:\/\/staging.guruofficialbrand.com\/fr\/#\/schema\/logo\/image\/\",\"url\":\"https:\/\/staging.guruofficialbrand.com\/wp-content\/uploads\/2025\/07\/Logo-GURU-Superclassic.png\",\"contentUrl\":\"https:\/\/staging.guruofficialbrand.com\/wp-content\/uploads\/2025\/07\/Logo-GURU-Superclassic.png\",\"width\":1080,\"height\":1080,\"caption\":\"Gourou\"},\"image\":{\"@id\":\"https:\/\/staging.guruofficialbrand.com\/fr\/#\/schema\/logo\/image\/\"},\"sameAs\":[\"https:\/\/facebook.com\/guruofficialbrand\",\"https:\/\/instagram.com\/guruofficialbrand\",\"https:\/\/tiktok.com\/guruofficialbrand\"]}]}<\/script>\n<!-- \/ Yoast SEO plugin. -->","yoast_head_json":{"title":"Combinaison Bloom After surfing - Guru","robots":{"index":"noindex","follow":"follow","max-snippet":"max-snippet:-1","max-image-preview":"max-image-preview:large","max-video-preview":"max-video-preview:-1"},"og_locale":"fr_FR","og_type":"article","og_title":"Combinaison Bloom After surfing - Guru","og_description":"Con\u00e7ue pour les moments apr\u00e8s la plage mais aussi pour la ville, la combinaison Bloom After Surf est un v\u00eatement","og_url":"https:\/\/staging.guruofficialbrand.com\/fr\/prodotto\/combinaison-summer-bloom-after-surfing\/","og_site_name":"Guru","article_publisher":"https:\/\/facebook.com\/guruofficialbrand","article_modified_time":"2025-11-06T11:43:38+00:00","og_image":[{"width":832,"height":1248,"url":"https:\/\/staging.guruofficialbrand.com\/wp-content\/uploads\/2025\/07\/27-1.jpg","type":"image\/jpeg"}],"twitter_card":"summary_large_image","twitter_misc":{"Dur\u00e9e de lecture estim\u00e9e":"1 minute"},"schema":{"@context":"https:\/\/schema.org","@graph":[{"@type":"WebPage","@id":"https:\/\/staging.guruofficialbrand.com\/fr\/prodotto\/combinaison-summer-bloom-after-surfing\/","url":"https:\/\/staging.guruofficialbrand.com\/fr\/prodotto\/combinaison-summer-bloom-after-surfing\/","name":"Combinaison Bloom After surfing - Guru","isPartOf":{"@id":"https:\/\/staging.guruofficialbrand.com\/fr\/#website"},"primaryImageOfPage":{"@id":"https:\/\/staging.guruofficialbrand.com\/fr\/prodotto\/combinaison-summer-bloom-after-surfing\/#primaryimage"},"image":{"@id":"https:\/\/staging.guruofficialbrand.com\/fr\/prodotto\/combinaison-summer-bloom-after-surfing\/#primaryimage"},"thumbnailUrl":"https:\/\/staging.guruofficialbrand.com\/wp-content\/uploads\/2025\/07\/27-1.jpg","datePublished":"2025-07-04T16:41:15+00:00","dateModified":"2025-11-06T11:43:38+00:00","breadcrumb":{"@id":"https:\/\/staging.guruofficialbrand.com\/fr\/prodotto\/combinaison-summer-bloom-after-surfing\/#breadcrumb"},"inLanguage":"fr-FR","potentialAction":[{"@type":"ReadAction","target":["https:\/\/staging.guruofficialbrand.com\/fr\/prodotto\/combinaison-summer-bloom-after-surfing\/"]}]},{"@type":"ImageObject","inLanguage":"fr-FR","@id":"https:\/\/staging.guruofficialbrand.com\/fr\/prodotto\/combinaison-summer-bloom-after-surfing\/#primaryimage","url":"https:\/\/staging.guruofficialbrand.com\/wp-content\/uploads\/2025\/07\/27-1.jpg","contentUrl":"https:\/\/staging.guruofficialbrand.com\/wp-content\/uploads\/2025\/07\/27-1.jpg","width":832,"height":1248},{"@type":"BreadcrumbList","@id":"https:\/\/staging.guruofficialbrand.com\/fr\/prodotto\/combinaison-summer-bloom-after-surfing\/#breadcrumb","itemListElement":[{"@type":"ListItem","position":1,"name":"Accueil","item":"https:\/\/staging.guruofficialbrand.com\/fr\/accueil\/"},{"@type":"ListItem","position":2,"name":"Boutique","item":"https:\/\/staging.guruofficialbrand.com\/fr\/boutique\/"},{"@type":"ListItem","position":3,"name":"Combinaison Bloom After surfing"}]},{"@type":"WebSite","@id":"https:\/\/staging.guruofficialbrand.com\/fr\/#website","url":"https:\/\/staging.guruofficialbrand.com\/fr\/","name":"Guru","description":"Official Store","publisher":{"@id":"https:\/\/staging.guruofficialbrand.com\/fr\/#organization"},"potentialAction":[{"@type":"SearchAction","target":{"@type":"EntryPoint","urlTemplate":"https:\/\/staging.guruofficialbrand.com\/fr\/?s={search_term_string}"},"query-input":{"@type":"PropertyValueSpecification","valueRequired":true,"valueName":"search_term_string"}}],"inLanguage":"fr-FR"},{"@type":"Organization","@id":"https:\/\/staging.guruofficialbrand.com\/fr\/#organization","name":"Gourou","url":"https:\/\/staging.guruofficialbrand.com\/fr\/","logo":{"@type":"ImageObject","inLanguage":"fr-FR","@id":"https:\/\/staging.guruofficialbrand.com\/fr\/#\/schema\/logo\/image\/","url":"https:\/\/staging.guruofficialbrand.com\/wp-content\/uploads\/2025\/07\/Logo-GURU-Superclassic.png","contentUrl":"https:\/\/staging.guruofficialbrand.com\/wp-content\/uploads\/2025\/07\/Logo-GURU-Superclassic.png","width":1080,"height":1080,"caption":"Gourou"},"image":{"@id":"https:\/\/staging.guruofficialbrand.com\/fr\/#\/schema\/logo\/image\/"},"sameAs":["https:\/\/facebook.com\/guruofficialbrand","https:\/\/instagram.com\/guruofficialbrand","https:\/\/tiktok.com\/guruofficialbrand"]}]}},"_links":{"self":[{"href":"https:\/\/staging.guruofficialbrand.com\/fr\/wp-json\/wp\/v2\/product\/6581","targetHints":{"allow":["GET"]}}],"collection":[{"href":"https:\/\/staging.guruofficialbrand.com\/fr\/wp-json\/wp\/v2\/product"}],"about":[{"href":"https:\/\/staging.guruofficialbrand.com\/fr\/wp-json\/wp\/v2\/types\/product"}],"replies":[{"embeddable":true,"href":"https:\/\/staging.guruofficialbrand.com\/fr\/wp-json\/wp\/v2\/comments?post=6581"}],"version-history":[{"count":3,"href":"https:\/\/staging.guruofficialbrand.com\/fr\/wp-json\/wp\/v2\/product\/6581\/revisions"}],"predecessor-version":[{"id":11273,"href":"https:\/\/staging.guruofficialbrand.com\/fr\/wp-json\/wp\/v2\/product\/6581\/revisions\/11273"}],"wp:featuredmedia":[{"embeddable":true,"href":"https:\/\/staging.guruofficialbrand.com\/fr\/wp-json\/wp\/v2\/media\/10819"}],"wp:attachment":[{"href":"https:\/\/staging.guruofficialbrand.com\/fr\/wp-json\/wp\/v2\/media?parent=6581"}],"wp:term":[{"taxonomy":"product_brand","embeddable":true,"href":"https:\/\/staging.guruofficialbrand.com\/fr\/wp-json\/wp\/v2\/product_brand?post=6581"},{"taxonomy":"product_cat","embeddable":true,"href":"https:\/\/staging.guruofficialbrand.com\/fr\/wp-json\/wp\/v2\/product_cat?post=6581"},{"taxonomy":"product_tag","embeddable":true,"href":"https:\/\/staging.guruofficialbrand.com\/fr\/wp-json\/wp\/v2\/product_tag?post=6581"}],"curies":[{"name":"wp","href":"https:\/\/api.w.org\/{rel}","templated":true}]}}