{"id":6471,"date":"2025-07-05T07:07:24","date_gmt":"2025-07-05T07:07:24","guid":{"rendered":"https:\/\/guruofficialbrand.com\/prodotto\/pantalon-summer-bloom-pour-femmes-old-wash\/"},"modified":"2025-11-06T11:37:50","modified_gmt":"2025-11-06T11:37:50","slug":"pantalon-summer-bloom-pour-femmes-old-wash","status":"publish","type":"product","link":"https:\/\/staging.guruofficialbrand.com\/fr\/prodotto\/pantalon-summer-bloom-pour-femmes-old-wash\/","title":{"rendered":"Pantalon Bloom pour femme Old Wash"},"content":{"rendered":"<p data-start=\"163\" data-end=\"506\">Design essentiel, esprit libre. Le <em data-start=\"201\" data-end=\"227\">pantalon long pour femme<\/em> de la ligne<em data-start=\"240\" data-end=\"254\"> Bloom<\/em> est fabriqu\u00e9 en peluche avec un traitement de <em data-start=\"302\" data-end=\"313\">teinture ancienne<\/em>, pour un aspect doux et us\u00e9 plein de caract\u00e8re. La silhouette confortable et f\u00e9minine est finie par des c\u00f4tes \u00e0 la taille et \u00e0 la cheville pour une coupe qui suit naturellement le corps.  <\/p>\n<p data-start=\"508\" data-end=\"805\">La s\u00e9rigraphie GURU et &lsquo;Daisy&rsquo; ajoutent une touche graphique discr\u00e8te mais distinctive. Le cordon rond en coton rouge et les boutons incrust\u00e9s compl\u00e8tent le design avec des d\u00e9tails fonctionnels et \u00e9l\u00e9gants. Id\u00e9al pour accompagner les journ\u00e9es les plus dynamiques avec une touche urbaine et d\u00e9contract\u00e9e.  <\/p>\n","protected":false},"excerpt":{"rendered":"<p>Design essentiel, esprit libre. Le pantalon long pour femme de la ligne Bloom est fabriqu\u00e9 en peluche avec un traitement<\/p>\n","protected":false},"featured_media":10807,"comment_status":"open","ping_status":"closed","template":"","meta":[],"product_brand":[],"product_cat":[223,125,189,224],"product_tag":[],"class_list":{"0":"post-6471","1":"product","2":"type-product","3":"status-publish","4":"has-post-thumbnail","6":"product_cat-collections","7":"product_cat-femme","8":"product_cat-pantalons-longs-pour-femmes","9":"product_cat-summer-bloom","10":"pa_colore-blanc","11":"pa_colore-rose","12":"pa_colore-vert","13":"pa_taglia-l-fr","14":"pa_taglia-m-fr","15":"pa_taglia-s-fr","16":"pa_taglia-xl-fr","18":"first","19":"instock","20":"shipping-taxable","21":"purchasable","22":"product-type-variable"},"yoast_head":"<!-- This site is optimized with the Yoast SEO plugin v27.1.1 - https:\/\/yoast.com\/product\/yoast-seo-wordpress\/ -->\n<title>Pantalon Bloom pour femme Old Wash - Guru<\/title>\n<meta name=\"robots\" content=\"noindex, follow, max-snippet:-1, max-image-preview:large, max-video-preview:-1\" \/>\n<meta property=\"og:locale\" content=\"fr_FR\" \/>\n<meta property=\"og:type\" content=\"article\" \/>\n<meta property=\"og:title\" content=\"Pantalon Bloom pour femme Old Wash - Guru\" \/>\n<meta property=\"og:description\" content=\"Design essentiel, esprit libre. Le pantalon long pour femme de la ligne Bloom est fabriqu\u00e9 en peluche avec un traitement\" \/>\n<meta property=\"og:url\" content=\"https:\/\/staging.guruofficialbrand.com\/fr\/prodotto\/pantalon-summer-bloom-pour-femmes-old-wash\/\" \/>\n<meta property=\"og:site_name\" content=\"Guru\" \/>\n<meta property=\"article:publisher\" content=\"https:\/\/facebook.com\/guruofficialbrand\" \/>\n<meta property=\"article:modified_time\" content=\"2025-11-06T11:37:50+00:00\" \/>\n<meta property=\"og:image\" content=\"https:\/\/staging.guruofficialbrand.com\/wp-content\/uploads\/2025\/07\/24-1.jpg\" \/>\n\t<meta property=\"og:image:width\" content=\"832\" \/>\n\t<meta property=\"og:image:height\" content=\"1248\" \/>\n\t<meta property=\"og:image:type\" content=\"image\/jpeg\" \/>\n<meta name=\"twitter:card\" content=\"summary_large_image\" \/>\n<meta name=\"twitter:label1\" content=\"Dur\u00e9e de lecture estim\u00e9e\" \/>\n\t<meta name=\"twitter:data1\" content=\"1 minute\" \/>\n<script type=\"application\/ld+json\" class=\"yoast-schema-graph\">{\"@context\":\"https:\/\/schema.org\",\"@graph\":[{\"@type\":\"WebPage\",\"@id\":\"https:\/\/staging.guruofficialbrand.com\/fr\/prodotto\/pantalon-summer-bloom-pour-femmes-old-wash\/\",\"url\":\"https:\/\/staging.guruofficialbrand.com\/fr\/prodotto\/pantalon-summer-bloom-pour-femmes-old-wash\/\",\"name\":\"Pantalon Bloom pour femme Old Wash - Guru\",\"isPartOf\":{\"@id\":\"https:\/\/staging.guruofficialbrand.com\/fr\/#website\"},\"primaryImageOfPage\":{\"@id\":\"https:\/\/staging.guruofficialbrand.com\/fr\/prodotto\/pantalon-summer-bloom-pour-femmes-old-wash\/#primaryimage\"},\"image\":{\"@id\":\"https:\/\/staging.guruofficialbrand.com\/fr\/prodotto\/pantalon-summer-bloom-pour-femmes-old-wash\/#primaryimage\"},\"thumbnailUrl\":\"https:\/\/staging.guruofficialbrand.com\/wp-content\/uploads\/2025\/07\/24-1.jpg\",\"datePublished\":\"2025-07-05T07:07:24+00:00\",\"dateModified\":\"2025-11-06T11:37:50+00:00\",\"breadcrumb\":{\"@id\":\"https:\/\/staging.guruofficialbrand.com\/fr\/prodotto\/pantalon-summer-bloom-pour-femmes-old-wash\/#breadcrumb\"},\"inLanguage\":\"fr-FR\",\"potentialAction\":[{\"@type\":\"ReadAction\",\"target\":[\"https:\/\/staging.guruofficialbrand.com\/fr\/prodotto\/pantalon-summer-bloom-pour-femmes-old-wash\/\"]}]},{\"@type\":\"ImageObject\",\"inLanguage\":\"fr-FR\",\"@id\":\"https:\/\/staging.guruofficialbrand.com\/fr\/prodotto\/pantalon-summer-bloom-pour-femmes-old-wash\/#primaryimage\",\"url\":\"https:\/\/staging.guruofficialbrand.com\/wp-content\/uploads\/2025\/07\/24-1.jpg\",\"contentUrl\":\"https:\/\/staging.guruofficialbrand.com\/wp-content\/uploads\/2025\/07\/24-1.jpg\",\"width\":832,\"height\":1248},{\"@type\":\"BreadcrumbList\",\"@id\":\"https:\/\/staging.guruofficialbrand.com\/fr\/prodotto\/pantalon-summer-bloom-pour-femmes-old-wash\/#breadcrumb\",\"itemListElement\":[{\"@type\":\"ListItem\",\"position\":1,\"name\":\"Accueil\",\"item\":\"https:\/\/staging.guruofficialbrand.com\/fr\/accueil\/\"},{\"@type\":\"ListItem\",\"position\":2,\"name\":\"Boutique\",\"item\":\"https:\/\/staging.guruofficialbrand.com\/fr\/boutique\/\"},{\"@type\":\"ListItem\",\"position\":3,\"name\":\"Pantalon Bloom pour femme Old Wash\"}]},{\"@type\":\"WebSite\",\"@id\":\"https:\/\/staging.guruofficialbrand.com\/fr\/#website\",\"url\":\"https:\/\/staging.guruofficialbrand.com\/fr\/\",\"name\":\"Guru\",\"description\":\"Official Store\",\"publisher\":{\"@id\":\"https:\/\/staging.guruofficialbrand.com\/fr\/#organization\"},\"potentialAction\":[{\"@type\":\"SearchAction\",\"target\":{\"@type\":\"EntryPoint\",\"urlTemplate\":\"https:\/\/staging.guruofficialbrand.com\/fr\/?s={search_term_string}\"},\"query-input\":{\"@type\":\"PropertyValueSpecification\",\"valueRequired\":true,\"valueName\":\"search_term_string\"}}],\"inLanguage\":\"fr-FR\"},{\"@type\":\"Organization\",\"@id\":\"https:\/\/staging.guruofficialbrand.com\/fr\/#organization\",\"name\":\"Gourou\",\"url\":\"https:\/\/staging.guruofficialbrand.com\/fr\/\",\"logo\":{\"@type\":\"ImageObject\",\"inLanguage\":\"fr-FR\",\"@id\":\"https:\/\/staging.guruofficialbrand.com\/fr\/#\/schema\/logo\/image\/\",\"url\":\"https:\/\/staging.guruofficialbrand.com\/wp-content\/uploads\/2025\/07\/Logo-GURU-Superclassic.png\",\"contentUrl\":\"https:\/\/staging.guruofficialbrand.com\/wp-content\/uploads\/2025\/07\/Logo-GURU-Superclassic.png\",\"width\":1080,\"height\":1080,\"caption\":\"Gourou\"},\"image\":{\"@id\":\"https:\/\/staging.guruofficialbrand.com\/fr\/#\/schema\/logo\/image\/\"},\"sameAs\":[\"https:\/\/facebook.com\/guruofficialbrand\",\"https:\/\/instagram.com\/guruofficialbrand\",\"https:\/\/tiktok.com\/guruofficialbrand\"]}]}<\/script>\n<!-- \/ Yoast SEO plugin. -->","yoast_head_json":{"title":"Pantalon Bloom pour femme Old Wash - Guru","robots":{"index":"noindex","follow":"follow","max-snippet":"max-snippet:-1","max-image-preview":"max-image-preview:large","max-video-preview":"max-video-preview:-1"},"og_locale":"fr_FR","og_type":"article","og_title":"Pantalon Bloom pour femme Old Wash - Guru","og_description":"Design essentiel, esprit libre. Le pantalon long pour femme de la ligne Bloom est fabriqu\u00e9 en peluche avec un traitement","og_url":"https:\/\/staging.guruofficialbrand.com\/fr\/prodotto\/pantalon-summer-bloom-pour-femmes-old-wash\/","og_site_name":"Guru","article_publisher":"https:\/\/facebook.com\/guruofficialbrand","article_modified_time":"2025-11-06T11:37:50+00:00","og_image":[{"width":832,"height":1248,"url":"https:\/\/staging.guruofficialbrand.com\/wp-content\/uploads\/2025\/07\/24-1.jpg","type":"image\/jpeg"}],"twitter_card":"summary_large_image","twitter_misc":{"Dur\u00e9e de lecture estim\u00e9e":"1 minute"},"schema":{"@context":"https:\/\/schema.org","@graph":[{"@type":"WebPage","@id":"https:\/\/staging.guruofficialbrand.com\/fr\/prodotto\/pantalon-summer-bloom-pour-femmes-old-wash\/","url":"https:\/\/staging.guruofficialbrand.com\/fr\/prodotto\/pantalon-summer-bloom-pour-femmes-old-wash\/","name":"Pantalon Bloom pour femme Old Wash - Guru","isPartOf":{"@id":"https:\/\/staging.guruofficialbrand.com\/fr\/#website"},"primaryImageOfPage":{"@id":"https:\/\/staging.guruofficialbrand.com\/fr\/prodotto\/pantalon-summer-bloom-pour-femmes-old-wash\/#primaryimage"},"image":{"@id":"https:\/\/staging.guruofficialbrand.com\/fr\/prodotto\/pantalon-summer-bloom-pour-femmes-old-wash\/#primaryimage"},"thumbnailUrl":"https:\/\/staging.guruofficialbrand.com\/wp-content\/uploads\/2025\/07\/24-1.jpg","datePublished":"2025-07-05T07:07:24+00:00","dateModified":"2025-11-06T11:37:50+00:00","breadcrumb":{"@id":"https:\/\/staging.guruofficialbrand.com\/fr\/prodotto\/pantalon-summer-bloom-pour-femmes-old-wash\/#breadcrumb"},"inLanguage":"fr-FR","potentialAction":[{"@type":"ReadAction","target":["https:\/\/staging.guruofficialbrand.com\/fr\/prodotto\/pantalon-summer-bloom-pour-femmes-old-wash\/"]}]},{"@type":"ImageObject","inLanguage":"fr-FR","@id":"https:\/\/staging.guruofficialbrand.com\/fr\/prodotto\/pantalon-summer-bloom-pour-femmes-old-wash\/#primaryimage","url":"https:\/\/staging.guruofficialbrand.com\/wp-content\/uploads\/2025\/07\/24-1.jpg","contentUrl":"https:\/\/staging.guruofficialbrand.com\/wp-content\/uploads\/2025\/07\/24-1.jpg","width":832,"height":1248},{"@type":"BreadcrumbList","@id":"https:\/\/staging.guruofficialbrand.com\/fr\/prodotto\/pantalon-summer-bloom-pour-femmes-old-wash\/#breadcrumb","itemListElement":[{"@type":"ListItem","position":1,"name":"Accueil","item":"https:\/\/staging.guruofficialbrand.com\/fr\/accueil\/"},{"@type":"ListItem","position":2,"name":"Boutique","item":"https:\/\/staging.guruofficialbrand.com\/fr\/boutique\/"},{"@type":"ListItem","position":3,"name":"Pantalon Bloom pour femme Old Wash"}]},{"@type":"WebSite","@id":"https:\/\/staging.guruofficialbrand.com\/fr\/#website","url":"https:\/\/staging.guruofficialbrand.com\/fr\/","name":"Guru","description":"Official Store","publisher":{"@id":"https:\/\/staging.guruofficialbrand.com\/fr\/#organization"},"potentialAction":[{"@type":"SearchAction","target":{"@type":"EntryPoint","urlTemplate":"https:\/\/staging.guruofficialbrand.com\/fr\/?s={search_term_string}"},"query-input":{"@type":"PropertyValueSpecification","valueRequired":true,"valueName":"search_term_string"}}],"inLanguage":"fr-FR"},{"@type":"Organization","@id":"https:\/\/staging.guruofficialbrand.com\/fr\/#organization","name":"Gourou","url":"https:\/\/staging.guruofficialbrand.com\/fr\/","logo":{"@type":"ImageObject","inLanguage":"fr-FR","@id":"https:\/\/staging.guruofficialbrand.com\/fr\/#\/schema\/logo\/image\/","url":"https:\/\/staging.guruofficialbrand.com\/wp-content\/uploads\/2025\/07\/Logo-GURU-Superclassic.png","contentUrl":"https:\/\/staging.guruofficialbrand.com\/wp-content\/uploads\/2025\/07\/Logo-GURU-Superclassic.png","width":1080,"height":1080,"caption":"Gourou"},"image":{"@id":"https:\/\/staging.guruofficialbrand.com\/fr\/#\/schema\/logo\/image\/"},"sameAs":["https:\/\/facebook.com\/guruofficialbrand","https:\/\/instagram.com\/guruofficialbrand","https:\/\/tiktok.com\/guruofficialbrand"]}]}},"_links":{"self":[{"href":"https:\/\/staging.guruofficialbrand.com\/fr\/wp-json\/wp\/v2\/product\/6471","targetHints":{"allow":["GET"]}}],"collection":[{"href":"https:\/\/staging.guruofficialbrand.com\/fr\/wp-json\/wp\/v2\/product"}],"about":[{"href":"https:\/\/staging.guruofficialbrand.com\/fr\/wp-json\/wp\/v2\/types\/product"}],"replies":[{"embeddable":true,"href":"https:\/\/staging.guruofficialbrand.com\/fr\/wp-json\/wp\/v2\/comments?post=6471"}],"version-history":[{"count":3,"href":"https:\/\/staging.guruofficialbrand.com\/fr\/wp-json\/wp\/v2\/product\/6471\/revisions"}],"predecessor-version":[{"id":11248,"href":"https:\/\/staging.guruofficialbrand.com\/fr\/wp-json\/wp\/v2\/product\/6471\/revisions\/11248"}],"wp:featuredmedia":[{"embeddable":true,"href":"https:\/\/staging.guruofficialbrand.com\/fr\/wp-json\/wp\/v2\/media\/10807"}],"wp:attachment":[{"href":"https:\/\/staging.guruofficialbrand.com\/fr\/wp-json\/wp\/v2\/media?parent=6471"}],"wp:term":[{"taxonomy":"product_brand","embeddable":true,"href":"https:\/\/staging.guruofficialbrand.com\/fr\/wp-json\/wp\/v2\/product_brand?post=6471"},{"taxonomy":"product_cat","embeddable":true,"href":"https:\/\/staging.guruofficialbrand.com\/fr\/wp-json\/wp\/v2\/product_cat?post=6471"},{"taxonomy":"product_tag","embeddable":true,"href":"https:\/\/staging.guruofficialbrand.com\/fr\/wp-json\/wp\/v2\/product_tag?post=6471"}],"curies":[{"name":"wp","href":"https:\/\/api.w.org\/{rel}","templated":true}]}}