{"id":11568,"date":"2025-12-17T13:21:52","date_gmt":"2025-12-17T13:21:52","guid":{"rendered":"https:\/\/guruofficialbrand.com\/prodotto\/sweat-shirt-zippe-pour-femmes-avec-logo-en-strass\/"},"modified":"2025-12-17T13:21:52","modified_gmt":"2025-12-17T13:21:52","slug":"sweat-shirt-zippe-pour-femmes-avec-logo-en-strass","status":"publish","type":"product","link":"https:\/\/staging.guruofficialbrand.com\/fr\/prodotto\/sweat-shirt-zippe-pour-femmes-avec-logo-en-strass\/","title":{"rendered":"Sweat-shirt zipp\u00e9 pour femmes avec logo en strass"},"content":{"rendered":"<p>Sweat \u00e0 col ras du cou avec fermeture \u00e9clair et strass, logo devant et derri\u00e8re<\/p>\n","protected":false},"excerpt":{"rendered":"<p>Sweat \u00e0 col ras du cou avec fermeture \u00e9clair et strass, logo devant et derri\u00e8re<\/p>\n","protected":false},"featured_media":11646,"comment_status":"closed","ping_status":"closed","template":"","meta":[],"product_brand":[],"product_cat":[157,223,125,191],"product_tag":[],"class_list":{"0":"post-11568","1":"product","2":"type-product","3":"status-publish","4":"has-post-thumbnail","6":"product_cat-classique","7":"product_cat-collections","8":"product_cat-femme","9":"product_cat-sweatshirts-pour-femmes","10":"pa_colore-noir","11":"pa_taglia-l-fr","12":"pa_taglia-m-fr","13":"pa_taglia-s-fr","14":"pa_taglia-xl-fr","16":"first","17":"instock","18":"shipping-taxable","19":"purchasable","20":"product-type-variable"},"yoast_head":"<!-- This site is optimized with the Yoast SEO plugin v27.1.1 - https:\/\/yoast.com\/product\/yoast-seo-wordpress\/ -->\n<title>Sweat-shirt zipp\u00e9 pour femmes avec logo en strass - Guru<\/title>\n<meta name=\"robots\" content=\"noindex, follow, max-snippet:-1, max-image-preview:large, max-video-preview:-1\" \/>\n<meta property=\"og:locale\" content=\"fr_FR\" \/>\n<meta property=\"og:type\" content=\"article\" \/>\n<meta property=\"og:title\" content=\"Sweat-shirt zipp\u00e9 pour femmes avec logo en strass - Guru\" \/>\n<meta property=\"og:description\" content=\"Sweat \u00e0 col ras du cou avec fermeture \u00e9clair et strass, logo devant et derri\u00e8re\" \/>\n<meta property=\"og:url\" content=\"https:\/\/staging.guruofficialbrand.com\/fr\/prodotto\/sweat-shirt-zippe-pour-femmes-avec-logo-en-strass\/\" \/>\n<meta property=\"og:site_name\" content=\"Guru\" \/>\n<meta property=\"article:publisher\" content=\"https:\/\/facebook.com\/guruofficialbrand\" \/>\n<meta property=\"og:image\" content=\"https:\/\/staging.guruofficialbrand.com\/wp-content\/uploads\/2025\/12\/ChatGPT-Image-17-dic-2025-12_35_35-1024x683.png\" \/>\n\t<meta property=\"og:image:width\" content=\"1024\" \/>\n\t<meta property=\"og:image:height\" content=\"683\" \/>\n\t<meta property=\"og:image:type\" content=\"image\/png\" \/>\n<meta name=\"twitter:card\" content=\"summary_large_image\" \/>\n<script type=\"application\/ld+json\" class=\"yoast-schema-graph\">{\"@context\":\"https:\/\/schema.org\",\"@graph\":[{\"@type\":\"WebPage\",\"@id\":\"https:\/\/staging.guruofficialbrand.com\/fr\/prodotto\/sweat-shirt-zippe-pour-femmes-avec-logo-en-strass\/\",\"url\":\"https:\/\/staging.guruofficialbrand.com\/fr\/prodotto\/sweat-shirt-zippe-pour-femmes-avec-logo-en-strass\/\",\"name\":\"Sweat-shirt zipp\u00e9 pour femmes avec logo en strass - Guru\",\"isPartOf\":{\"@id\":\"https:\/\/staging.guruofficialbrand.com\/fr\/#website\"},\"primaryImageOfPage\":{\"@id\":\"https:\/\/staging.guruofficialbrand.com\/fr\/prodotto\/sweat-shirt-zippe-pour-femmes-avec-logo-en-strass\/#primaryimage\"},\"image\":{\"@id\":\"https:\/\/staging.guruofficialbrand.com\/fr\/prodotto\/sweat-shirt-zippe-pour-femmes-avec-logo-en-strass\/#primaryimage\"},\"thumbnailUrl\":\"https:\/\/staging.guruofficialbrand.com\/wp-content\/uploads\/2025\/12\/guru-glamness-2026.jpg\",\"datePublished\":\"2025-12-17T13:21:52+00:00\",\"breadcrumb\":{\"@id\":\"https:\/\/staging.guruofficialbrand.com\/fr\/prodotto\/sweat-shirt-zippe-pour-femmes-avec-logo-en-strass\/#breadcrumb\"},\"inLanguage\":\"fr-FR\",\"potentialAction\":[{\"@type\":\"ReadAction\",\"target\":[\"https:\/\/staging.guruofficialbrand.com\/fr\/prodotto\/sweat-shirt-zippe-pour-femmes-avec-logo-en-strass\/\"]}]},{\"@type\":\"ImageObject\",\"inLanguage\":\"fr-FR\",\"@id\":\"https:\/\/staging.guruofficialbrand.com\/fr\/prodotto\/sweat-shirt-zippe-pour-femmes-avec-logo-en-strass\/#primaryimage\",\"url\":\"https:\/\/staging.guruofficialbrand.com\/wp-content\/uploads\/2025\/12\/guru-glamness-2026.jpg\",\"contentUrl\":\"https:\/\/staging.guruofficialbrand.com\/wp-content\/uploads\/2025\/12\/guru-glamness-2026.jpg\",\"width\":832,\"height\":1248},{\"@type\":\"BreadcrumbList\",\"@id\":\"https:\/\/staging.guruofficialbrand.com\/fr\/prodotto\/sweat-shirt-zippe-pour-femmes-avec-logo-en-strass\/#breadcrumb\",\"itemListElement\":[{\"@type\":\"ListItem\",\"position\":1,\"name\":\"Accueil\",\"item\":\"https:\/\/staging.guruofficialbrand.com\/fr\/accueil\/\"},{\"@type\":\"ListItem\",\"position\":2,\"name\":\"Boutique\",\"item\":\"https:\/\/staging.guruofficialbrand.com\/fr\/boutique\/\"},{\"@type\":\"ListItem\",\"position\":3,\"name\":\"Sweat-shirt zipp\u00e9 pour femmes avec logo en strass\"}]},{\"@type\":\"WebSite\",\"@id\":\"https:\/\/staging.guruofficialbrand.com\/fr\/#website\",\"url\":\"https:\/\/staging.guruofficialbrand.com\/fr\/\",\"name\":\"Guru\",\"description\":\"Official Store\",\"publisher\":{\"@id\":\"https:\/\/staging.guruofficialbrand.com\/fr\/#organization\"},\"potentialAction\":[{\"@type\":\"SearchAction\",\"target\":{\"@type\":\"EntryPoint\",\"urlTemplate\":\"https:\/\/staging.guruofficialbrand.com\/fr\/?s={search_term_string}\"},\"query-input\":{\"@type\":\"PropertyValueSpecification\",\"valueRequired\":true,\"valueName\":\"search_term_string\"}}],\"inLanguage\":\"fr-FR\"},{\"@type\":\"Organization\",\"@id\":\"https:\/\/staging.guruofficialbrand.com\/fr\/#organization\",\"name\":\"Gourou\",\"url\":\"https:\/\/staging.guruofficialbrand.com\/fr\/\",\"logo\":{\"@type\":\"ImageObject\",\"inLanguage\":\"fr-FR\",\"@id\":\"https:\/\/staging.guruofficialbrand.com\/fr\/#\/schema\/logo\/image\/\",\"url\":\"https:\/\/staging.guruofficialbrand.com\/wp-content\/uploads\/2025\/07\/Logo-GURU-Superclassic.png\",\"contentUrl\":\"https:\/\/staging.guruofficialbrand.com\/wp-content\/uploads\/2025\/07\/Logo-GURU-Superclassic.png\",\"width\":1080,\"height\":1080,\"caption\":\"Gourou\"},\"image\":{\"@id\":\"https:\/\/staging.guruofficialbrand.com\/fr\/#\/schema\/logo\/image\/\"},\"sameAs\":[\"https:\/\/facebook.com\/guruofficialbrand\",\"https:\/\/instagram.com\/guruofficialbrand\",\"https:\/\/tiktok.com\/guruofficialbrand\"]}]}<\/script>\n<!-- \/ Yoast SEO plugin. -->","yoast_head_json":{"title":"Sweat-shirt zipp\u00e9 pour femmes avec logo en strass - Guru","robots":{"index":"noindex","follow":"follow","max-snippet":"max-snippet:-1","max-image-preview":"max-image-preview:large","max-video-preview":"max-video-preview:-1"},"og_locale":"fr_FR","og_type":"article","og_title":"Sweat-shirt zipp\u00e9 pour femmes avec logo en strass - Guru","og_description":"Sweat \u00e0 col ras du cou avec fermeture \u00e9clair et strass, logo devant et derri\u00e8re","og_url":"https:\/\/staging.guruofficialbrand.com\/fr\/prodotto\/sweat-shirt-zippe-pour-femmes-avec-logo-en-strass\/","og_site_name":"Guru","article_publisher":"https:\/\/facebook.com\/guruofficialbrand","og_image":[{"width":1024,"height":683,"url":"https:\/\/staging.guruofficialbrand.com\/wp-content\/uploads\/2025\/12\/ChatGPT-Image-17-dic-2025-12_35_35-1024x683.png","type":"image\/png"}],"twitter_card":"summary_large_image","schema":{"@context":"https:\/\/schema.org","@graph":[{"@type":"WebPage","@id":"https:\/\/staging.guruofficialbrand.com\/fr\/prodotto\/sweat-shirt-zippe-pour-femmes-avec-logo-en-strass\/","url":"https:\/\/staging.guruofficialbrand.com\/fr\/prodotto\/sweat-shirt-zippe-pour-femmes-avec-logo-en-strass\/","name":"Sweat-shirt zipp\u00e9 pour femmes avec logo en strass - Guru","isPartOf":{"@id":"https:\/\/staging.guruofficialbrand.com\/fr\/#website"},"primaryImageOfPage":{"@id":"https:\/\/staging.guruofficialbrand.com\/fr\/prodotto\/sweat-shirt-zippe-pour-femmes-avec-logo-en-strass\/#primaryimage"},"image":{"@id":"https:\/\/staging.guruofficialbrand.com\/fr\/prodotto\/sweat-shirt-zippe-pour-femmes-avec-logo-en-strass\/#primaryimage"},"thumbnailUrl":"https:\/\/staging.guruofficialbrand.com\/wp-content\/uploads\/2025\/12\/guru-glamness-2026.jpg","datePublished":"2025-12-17T13:21:52+00:00","breadcrumb":{"@id":"https:\/\/staging.guruofficialbrand.com\/fr\/prodotto\/sweat-shirt-zippe-pour-femmes-avec-logo-en-strass\/#breadcrumb"},"inLanguage":"fr-FR","potentialAction":[{"@type":"ReadAction","target":["https:\/\/staging.guruofficialbrand.com\/fr\/prodotto\/sweat-shirt-zippe-pour-femmes-avec-logo-en-strass\/"]}]},{"@type":"ImageObject","inLanguage":"fr-FR","@id":"https:\/\/staging.guruofficialbrand.com\/fr\/prodotto\/sweat-shirt-zippe-pour-femmes-avec-logo-en-strass\/#primaryimage","url":"https:\/\/staging.guruofficialbrand.com\/wp-content\/uploads\/2025\/12\/guru-glamness-2026.jpg","contentUrl":"https:\/\/staging.guruofficialbrand.com\/wp-content\/uploads\/2025\/12\/guru-glamness-2026.jpg","width":832,"height":1248},{"@type":"BreadcrumbList","@id":"https:\/\/staging.guruofficialbrand.com\/fr\/prodotto\/sweat-shirt-zippe-pour-femmes-avec-logo-en-strass\/#breadcrumb","itemListElement":[{"@type":"ListItem","position":1,"name":"Accueil","item":"https:\/\/staging.guruofficialbrand.com\/fr\/accueil\/"},{"@type":"ListItem","position":2,"name":"Boutique","item":"https:\/\/staging.guruofficialbrand.com\/fr\/boutique\/"},{"@type":"ListItem","position":3,"name":"Sweat-shirt zipp\u00e9 pour femmes avec logo en strass"}]},{"@type":"WebSite","@id":"https:\/\/staging.guruofficialbrand.com\/fr\/#website","url":"https:\/\/staging.guruofficialbrand.com\/fr\/","name":"Guru","description":"Official Store","publisher":{"@id":"https:\/\/staging.guruofficialbrand.com\/fr\/#organization"},"potentialAction":[{"@type":"SearchAction","target":{"@type":"EntryPoint","urlTemplate":"https:\/\/staging.guruofficialbrand.com\/fr\/?s={search_term_string}"},"query-input":{"@type":"PropertyValueSpecification","valueRequired":true,"valueName":"search_term_string"}}],"inLanguage":"fr-FR"},{"@type":"Organization","@id":"https:\/\/staging.guruofficialbrand.com\/fr\/#organization","name":"Gourou","url":"https:\/\/staging.guruofficialbrand.com\/fr\/","logo":{"@type":"ImageObject","inLanguage":"fr-FR","@id":"https:\/\/staging.guruofficialbrand.com\/fr\/#\/schema\/logo\/image\/","url":"https:\/\/staging.guruofficialbrand.com\/wp-content\/uploads\/2025\/07\/Logo-GURU-Superclassic.png","contentUrl":"https:\/\/staging.guruofficialbrand.com\/wp-content\/uploads\/2025\/07\/Logo-GURU-Superclassic.png","width":1080,"height":1080,"caption":"Gourou"},"image":{"@id":"https:\/\/staging.guruofficialbrand.com\/fr\/#\/schema\/logo\/image\/"},"sameAs":["https:\/\/facebook.com\/guruofficialbrand","https:\/\/instagram.com\/guruofficialbrand","https:\/\/tiktok.com\/guruofficialbrand"]}]}},"_links":{"self":[{"href":"https:\/\/staging.guruofficialbrand.com\/fr\/wp-json\/wp\/v2\/product\/11568","targetHints":{"allow":["GET"]}}],"collection":[{"href":"https:\/\/staging.guruofficialbrand.com\/fr\/wp-json\/wp\/v2\/product"}],"about":[{"href":"https:\/\/staging.guruofficialbrand.com\/fr\/wp-json\/wp\/v2\/types\/product"}],"replies":[{"embeddable":true,"href":"https:\/\/staging.guruofficialbrand.com\/fr\/wp-json\/wp\/v2\/comments?post=11568"}],"version-history":[{"count":0,"href":"https:\/\/staging.guruofficialbrand.com\/fr\/wp-json\/wp\/v2\/product\/11568\/revisions"}],"wp:featuredmedia":[{"embeddable":true,"href":"https:\/\/staging.guruofficialbrand.com\/fr\/wp-json\/wp\/v2\/media\/11646"}],"wp:attachment":[{"href":"https:\/\/staging.guruofficialbrand.com\/fr\/wp-json\/wp\/v2\/media?parent=11568"}],"wp:term":[{"taxonomy":"product_brand","embeddable":true,"href":"https:\/\/staging.guruofficialbrand.com\/fr\/wp-json\/wp\/v2\/product_brand?post=11568"},{"taxonomy":"product_cat","embeddable":true,"href":"https:\/\/staging.guruofficialbrand.com\/fr\/wp-json\/wp\/v2\/product_cat?post=11568"},{"taxonomy":"product_tag","embeddable":true,"href":"https:\/\/staging.guruofficialbrand.com\/fr\/wp-json\/wp\/v2\/product_tag?post=11568"}],"curies":[{"name":"wp","href":"https:\/\/api.w.org\/{rel}","templated":true}]}}