{"id":9523,"date":"2025-07-28T08:29:53","date_gmt":"2025-07-28T08:29:53","guid":{"rendered":"https:\/\/guruofficialbrand.com\/page-de-remerciement-formulaire\/"},"modified":"2025-07-28T08:38:05","modified_gmt":"2025-07-28T08:38:05","slug":"page-de-remerciement-formulaire","status":"publish","type":"page","link":"https:\/\/staging.guruofficialbrand.com\/fr\/page-de-remerciement-formulaire\/","title":{"rendered":"Page de remerciement Formulaire"},"content":{"rendered":"\t\t<div data-elementor-type=\"wp-page\" data-elementor-id=\"9523\" class=\"elementor elementor-9523 elementor-9520\" data-elementor-post-type=\"page\">\n\t\t\t\t<div class=\"elementor-element elementor-element-6d849a3 e-con-full wd-section-stretch e-flex e-con e-parent\" data-id=\"6d849a3\" data-element_type=\"container\" data-e-type=\"container\" data-settings=\"{&quot;background_background&quot;:&quot;slideshow&quot;,&quot;background_slideshow_gallery&quot;:[{&quot;id&quot;:3256,&quot;url&quot;:&quot;https:\\\/\\\/staging.guruofficialbrand.com\\\/wp-content\\\/uploads\\\/2025\\\/07\\\/115A7855-scaled.jpg&quot;}],&quot;background_slideshow_loop&quot;:&quot;yes&quot;,&quot;background_slideshow_slide_duration&quot;:5000,&quot;background_slideshow_slide_transition&quot;:&quot;fade&quot;,&quot;background_slideshow_transition_duration&quot;:500}\">\n\t\t<div class=\"elementor-element elementor-element-ebbbb93 e-flex e-con-boxed e-con e-child\" data-id=\"ebbbb93\" data-element_type=\"container\" data-e-type=\"container\" data-settings=\"{&quot;background_background&quot;:&quot;classic&quot;}\">\n\t\t\t\t\t<div class=\"e-con-inner\">\n\t\t\t\t<div class=\"elementor-element elementor-element-f22590e elementor-widget elementor-widget-image\" data-id=\"f22590e\" data-element_type=\"widget\" data-e-type=\"widget\" data-widget_type=\"image.default\">\n\t\t\t\t\t\t\t\t\t\t\t\t\t\t\t<img loading=\"lazy\" decoding=\"async\" width=\"1024\" height=\"1024\" src=\"https:\/\/staging.guruofficialbrand.com\/wp-content\/uploads\/2025\/07\/Logo-GURU-Superclassic-1024x1024.png\" class=\"attachment-large size-large wp-image-5413\" alt=\"\" srcset=\"https:\/\/staging.guruofficialbrand.com\/wp-content\/uploads\/2025\/07\/Logo-GURU-Superclassic-1024x1024.png 1024w, https:\/\/staging.guruofficialbrand.com\/wp-content\/uploads\/2025\/07\/Logo-GURU-Superclassic-300x300.png 300w, https:\/\/staging.guruofficialbrand.com\/wp-content\/uploads\/2025\/07\/Logo-GURU-Superclassic-150x150.png 150w, https:\/\/staging.guruofficialbrand.com\/wp-content\/uploads\/2025\/07\/Logo-GURU-Superclassic-768x768.png 768w, https:\/\/staging.guruofficialbrand.com\/wp-content\/uploads\/2025\/07\/Logo-GURU-Superclassic-600x600.png 600w, https:\/\/staging.guruofficialbrand.com\/wp-content\/uploads\/2025\/07\/Logo-GURU-Superclassic.png 1080w\" sizes=\"auto, (max-width: 1024px) 100vw, 1024px\" \/>\t\t\t\t\t\t\t\t\t\t\t\t\t\t\t<\/div>\n\t\t\t\t<div class=\"elementor-element elementor-element-1109be1 elementor-widget elementor-widget-heading\" data-id=\"1109be1\" data-element_type=\"widget\" data-e-type=\"widget\" data-widget_type=\"heading.default\">\n\t\t\t\t\t<h2 class=\"elementor-heading-title elementor-size-default\">MERCI DE NOUS CONTACTER<\/h2>\t\t\t\t<\/div>\n\t\t\t\t<div class=\"elementor-element elementor-element-22add98 color-scheme-inherit text-left elementor-widget elementor-widget-text-editor\" data-id=\"22add98\" data-element_type=\"widget\" data-e-type=\"widget\" data-widget_type=\"text-editor.default\">\n\t\t\t\t\t\t\t\t\t<p>Notre \u00e9quipe vous r\u00e9pondra dans les plus brefs d\u00e9lais.<\/p>\t\t\t\t\t\t\t\t<\/div>\n\t\t\t\t<div class=\"elementor-element elementor-element-74b40a8 elementor-align-center elementor-widget elementor-widget-button\" data-id=\"74b40a8\" data-element_type=\"widget\" data-e-type=\"widget\" data-widget_type=\"button.default\">\n\t\t\t\t\t\t\t\t\t\t<a class=\"elementor-button elementor-button-link elementor-size-sm\" href=\"https:\/\/staging.guruofficialbrand.com\/negozio\/\">\n\t\t\t\t\t\t<span class=\"elementor-button-content-wrapper\">\n\t\t\t\t\t\t\t\t\t<span class=\"elementor-button-text\">Retour \u00e0 la boutique<\/span>\n\t\t\t\t\t<\/span>\n\t\t\t\t\t<\/a>\n\t\t\t\t\t\t\t\t<\/div>\n\t\t\t\t\t<\/div>\n\t\t\t\t<\/div>\n\t\t\t\t<\/div>\n\t\t\t\t<\/div>\n\t\t","protected":false},"excerpt":{"rendered":"<p>MERCI DE NOUS CONTACTER Notre \u00e9quipe vous r\u00e9pondra dans les plus brefs d\u00e9lais. Retour \u00e0 la boutique<\/p>\n","protected":false},"author":1,"featured_media":0,"parent":0,"menu_order":0,"comment_status":"closed","ping_status":"closed","template":"","meta":{"footnotes":""},"class_list":["post-9523","page","type-page","status-publish","hentry"],"yoast_head":"<!-- This site is optimized with the Yoast SEO plugin v27.1.1 - https:\/\/yoast.com\/product\/yoast-seo-wordpress\/ -->\n<title>Page de remerciement Formulaire - Guru<\/title>\n<meta name=\"robots\" content=\"noindex, follow, max-snippet:-1, max-image-preview:large, max-video-preview:-1\" \/>\n<meta property=\"og:locale\" content=\"fr_FR\" \/>\n<meta property=\"og:type\" content=\"article\" \/>\n<meta property=\"og:title\" content=\"Page de remerciement Formulaire - Guru\" \/>\n<meta property=\"og:description\" content=\"MERCI DE NOUS CONTACTER Notre \u00e9quipe vous r\u00e9pondra dans les plus brefs d\u00e9lais. Retour \u00e0 la boutique\" \/>\n<meta property=\"og:url\" content=\"https:\/\/staging.guruofficialbrand.com\/fr\/page-de-remerciement-formulaire\/\" \/>\n<meta property=\"og:site_name\" content=\"Guru\" \/>\n<meta property=\"article:publisher\" content=\"https:\/\/facebook.com\/guruofficialbrand\" \/>\n<meta property=\"article:modified_time\" content=\"2025-07-28T08:38:05+00:00\" \/>\n<meta property=\"og:image\" content=\"https:\/\/staging.guruofficialbrand.com\/wp-content\/uploads\/2025\/07\/Logo-GURU-Superclassic.png\" \/>\n\t<meta property=\"og:image:width\" content=\"1080\" \/>\n\t<meta property=\"og:image:height\" content=\"1080\" \/>\n\t<meta property=\"og:image:type\" content=\"image\/png\" \/>\n<meta name=\"twitter:card\" content=\"summary_large_image\" \/>\n<script type=\"application\/ld+json\" class=\"yoast-schema-graph\">{\"@context\":\"https:\/\/schema.org\",\"@graph\":[{\"@type\":\"WebPage\",\"@id\":\"https:\/\/staging.guruofficialbrand.com\/fr\/page-de-remerciement-formulaire\/\",\"url\":\"https:\/\/staging.guruofficialbrand.com\/fr\/page-de-remerciement-formulaire\/\",\"name\":\"Page de remerciement Formulaire - Guru\",\"isPartOf\":{\"@id\":\"https:\/\/staging.guruofficialbrand.com\/fr\/#website\"},\"primaryImageOfPage\":{\"@id\":\"https:\/\/staging.guruofficialbrand.com\/fr\/page-de-remerciement-formulaire\/#primaryimage\"},\"image\":{\"@id\":\"https:\/\/staging.guruofficialbrand.com\/fr\/page-de-remerciement-formulaire\/#primaryimage\"},\"thumbnailUrl\":\"https:\/\/staging.guruofficialbrand.com\/wp-content\/uploads\/2025\/07\/Logo-GURU-Superclassic-1024x1024.png\",\"datePublished\":\"2025-07-28T08:29:53+00:00\",\"dateModified\":\"2025-07-28T08:38:05+00:00\",\"breadcrumb\":{\"@id\":\"https:\/\/staging.guruofficialbrand.com\/fr\/page-de-remerciement-formulaire\/#breadcrumb\"},\"inLanguage\":\"fr-FR\",\"potentialAction\":[{\"@type\":\"ReadAction\",\"target\":[\"https:\/\/staging.guruofficialbrand.com\/fr\/page-de-remerciement-formulaire\/\"]}]},{\"@type\":\"ImageObject\",\"inLanguage\":\"fr-FR\",\"@id\":\"https:\/\/staging.guruofficialbrand.com\/fr\/page-de-remerciement-formulaire\/#primaryimage\",\"url\":\"https:\/\/staging.guruofficialbrand.com\/wp-content\/uploads\/2025\/07\/Logo-GURU-Superclassic-1024x1024.png\",\"contentUrl\":\"https:\/\/staging.guruofficialbrand.com\/wp-content\/uploads\/2025\/07\/Logo-GURU-Superclassic-1024x1024.png\"},{\"@type\":\"BreadcrumbList\",\"@id\":\"https:\/\/staging.guruofficialbrand.com\/fr\/page-de-remerciement-formulaire\/#breadcrumb\",\"itemListElement\":[{\"@type\":\"ListItem\",\"position\":1,\"name\":\"Accueil\",\"item\":\"https:\/\/staging.guruofficialbrand.com\/fr\/accueil\/\"},{\"@type\":\"ListItem\",\"position\":2,\"name\":\"Page de remerciement Formulaire\"}]},{\"@type\":\"WebSite\",\"@id\":\"https:\/\/staging.guruofficialbrand.com\/fr\/#website\",\"url\":\"https:\/\/staging.guruofficialbrand.com\/fr\/\",\"name\":\"Guru\",\"description\":\"Official Store\",\"publisher\":{\"@id\":\"https:\/\/staging.guruofficialbrand.com\/fr\/#organization\"},\"potentialAction\":[{\"@type\":\"SearchAction\",\"target\":{\"@type\":\"EntryPoint\",\"urlTemplate\":\"https:\/\/staging.guruofficialbrand.com\/fr\/?s={search_term_string}\"},\"query-input\":{\"@type\":\"PropertyValueSpecification\",\"valueRequired\":true,\"valueName\":\"search_term_string\"}}],\"inLanguage\":\"fr-FR\"},{\"@type\":\"Organization\",\"@id\":\"https:\/\/staging.guruofficialbrand.com\/fr\/#organization\",\"name\":\"Gourou\",\"url\":\"https:\/\/staging.guruofficialbrand.com\/fr\/\",\"logo\":{\"@type\":\"ImageObject\",\"inLanguage\":\"fr-FR\",\"@id\":\"https:\/\/staging.guruofficialbrand.com\/fr\/#\/schema\/logo\/image\/\",\"url\":\"https:\/\/staging.guruofficialbrand.com\/wp-content\/uploads\/2025\/07\/Logo-GURU-Superclassic.png\",\"contentUrl\":\"https:\/\/staging.guruofficialbrand.com\/wp-content\/uploads\/2025\/07\/Logo-GURU-Superclassic.png\",\"width\":1080,\"height\":1080,\"caption\":\"Gourou\"},\"image\":{\"@id\":\"https:\/\/staging.guruofficialbrand.com\/fr\/#\/schema\/logo\/image\/\"},\"sameAs\":[\"https:\/\/facebook.com\/guruofficialbrand\",\"https:\/\/instagram.com\/guruofficialbrand\",\"https:\/\/tiktok.com\/guruofficialbrand\"]}]}<\/script>\n<!-- \/ Yoast SEO plugin. -->","yoast_head_json":{"title":"Page de remerciement Formulaire - Guru","robots":{"index":"noindex","follow":"follow","max-snippet":"max-snippet:-1","max-image-preview":"max-image-preview:large","max-video-preview":"max-video-preview:-1"},"og_locale":"fr_FR","og_type":"article","og_title":"Page de remerciement Formulaire - Guru","og_description":"MERCI DE NOUS CONTACTER Notre \u00e9quipe vous r\u00e9pondra dans les plus brefs d\u00e9lais. Retour \u00e0 la boutique","og_url":"https:\/\/staging.guruofficialbrand.com\/fr\/page-de-remerciement-formulaire\/","og_site_name":"Guru","article_publisher":"https:\/\/facebook.com\/guruofficialbrand","article_modified_time":"2025-07-28T08:38:05+00:00","og_image":[{"width":1080,"height":1080,"url":"https:\/\/staging.guruofficialbrand.com\/wp-content\/uploads\/2025\/07\/Logo-GURU-Superclassic.png","type":"image\/png"}],"twitter_card":"summary_large_image","schema":{"@context":"https:\/\/schema.org","@graph":[{"@type":"WebPage","@id":"https:\/\/staging.guruofficialbrand.com\/fr\/page-de-remerciement-formulaire\/","url":"https:\/\/staging.guruofficialbrand.com\/fr\/page-de-remerciement-formulaire\/","name":"Page de remerciement Formulaire - Guru","isPartOf":{"@id":"https:\/\/staging.guruofficialbrand.com\/fr\/#website"},"primaryImageOfPage":{"@id":"https:\/\/staging.guruofficialbrand.com\/fr\/page-de-remerciement-formulaire\/#primaryimage"},"image":{"@id":"https:\/\/staging.guruofficialbrand.com\/fr\/page-de-remerciement-formulaire\/#primaryimage"},"thumbnailUrl":"https:\/\/staging.guruofficialbrand.com\/wp-content\/uploads\/2025\/07\/Logo-GURU-Superclassic-1024x1024.png","datePublished":"2025-07-28T08:29:53+00:00","dateModified":"2025-07-28T08:38:05+00:00","breadcrumb":{"@id":"https:\/\/staging.guruofficialbrand.com\/fr\/page-de-remerciement-formulaire\/#breadcrumb"},"inLanguage":"fr-FR","potentialAction":[{"@type":"ReadAction","target":["https:\/\/staging.guruofficialbrand.com\/fr\/page-de-remerciement-formulaire\/"]}]},{"@type":"ImageObject","inLanguage":"fr-FR","@id":"https:\/\/staging.guruofficialbrand.com\/fr\/page-de-remerciement-formulaire\/#primaryimage","url":"https:\/\/staging.guruofficialbrand.com\/wp-content\/uploads\/2025\/07\/Logo-GURU-Superclassic-1024x1024.png","contentUrl":"https:\/\/staging.guruofficialbrand.com\/wp-content\/uploads\/2025\/07\/Logo-GURU-Superclassic-1024x1024.png"},{"@type":"BreadcrumbList","@id":"https:\/\/staging.guruofficialbrand.com\/fr\/page-de-remerciement-formulaire\/#breadcrumb","itemListElement":[{"@type":"ListItem","position":1,"name":"Accueil","item":"https:\/\/staging.guruofficialbrand.com\/fr\/accueil\/"},{"@type":"ListItem","position":2,"name":"Page de remerciement Formulaire"}]},{"@type":"WebSite","@id":"https:\/\/staging.guruofficialbrand.com\/fr\/#website","url":"https:\/\/staging.guruofficialbrand.com\/fr\/","name":"Guru","description":"Official Store","publisher":{"@id":"https:\/\/staging.guruofficialbrand.com\/fr\/#organization"},"potentialAction":[{"@type":"SearchAction","target":{"@type":"EntryPoint","urlTemplate":"https:\/\/staging.guruofficialbrand.com\/fr\/?s={search_term_string}"},"query-input":{"@type":"PropertyValueSpecification","valueRequired":true,"valueName":"search_term_string"}}],"inLanguage":"fr-FR"},{"@type":"Organization","@id":"https:\/\/staging.guruofficialbrand.com\/fr\/#organization","name":"Gourou","url":"https:\/\/staging.guruofficialbrand.com\/fr\/","logo":{"@type":"ImageObject","inLanguage":"fr-FR","@id":"https:\/\/staging.guruofficialbrand.com\/fr\/#\/schema\/logo\/image\/","url":"https:\/\/staging.guruofficialbrand.com\/wp-content\/uploads\/2025\/07\/Logo-GURU-Superclassic.png","contentUrl":"https:\/\/staging.guruofficialbrand.com\/wp-content\/uploads\/2025\/07\/Logo-GURU-Superclassic.png","width":1080,"height":1080,"caption":"Gourou"},"image":{"@id":"https:\/\/staging.guruofficialbrand.com\/fr\/#\/schema\/logo\/image\/"},"sameAs":["https:\/\/facebook.com\/guruofficialbrand","https:\/\/instagram.com\/guruofficialbrand","https:\/\/tiktok.com\/guruofficialbrand"]}]}},"_links":{"self":[{"href":"https:\/\/staging.guruofficialbrand.com\/fr\/wp-json\/wp\/v2\/pages\/9523","targetHints":{"allow":["GET"]}}],"collection":[{"href":"https:\/\/staging.guruofficialbrand.com\/fr\/wp-json\/wp\/v2\/pages"}],"about":[{"href":"https:\/\/staging.guruofficialbrand.com\/fr\/wp-json\/wp\/v2\/types\/page"}],"author":[{"embeddable":true,"href":"https:\/\/staging.guruofficialbrand.com\/fr\/wp-json\/wp\/v2\/users\/1"}],"replies":[{"embeddable":true,"href":"https:\/\/staging.guruofficialbrand.com\/fr\/wp-json\/wp\/v2\/comments?post=9523"}],"version-history":[{"count":2,"href":"https:\/\/staging.guruofficialbrand.com\/fr\/wp-json\/wp\/v2\/pages\/9523\/revisions"}],"predecessor-version":[{"id":9532,"href":"https:\/\/staging.guruofficialbrand.com\/fr\/wp-json\/wp\/v2\/pages\/9523\/revisions\/9532"}],"wp:attachment":[{"href":"https:\/\/staging.guruofficialbrand.com\/fr\/wp-json\/wp\/v2\/media?parent=9523"}],"curies":[{"name":"wp","href":"https:\/\/api.w.org\/{rel}","templated":true}]}}